{"id":748,"date":"2024-03-15T22:21:33","date_gmt":"2024-03-15T22:21:33","guid":{"rendered":"https:\/\/www.alquilatucasaencadiz.com\/politica-de-privacidad\/"},"modified":"2026-03-12T12:06:21","modified_gmt":"2026-03-12T12:06:21","slug":"politica-de-privacidad","status":"publish","type":"page","link":"https:\/\/www.alquilatucasaencadiz.com\/en_gb\/politica-de-privacidad\/","title":{"rendered":"Privacy policy"},"content":{"rendered":"<div data-elementor-type=\"wp-page\" data-elementor-id=\"748\" class=\"elementor elementor-748\" data-elementor-post-type=\"page\">\n\t\t\t\t\t\t<section class=\"elementor-section elementor-top-section elementor-element elementor-element-f777c5e elementor-section-boxed elementor-section-height-default elementor-section-height-default\" data-id=\"f777c5e\" data-element_type=\"section\" data-settings=\"{&quot;background_background&quot;:&quot;classic&quot;}\">\n\t\t\t\t\t\t<div class=\"elementor-container elementor-column-gap-default\">\n\t\t\t\t\t<div class=\"elementor-column elementor-col-100 elementor-top-column elementor-element elementor-element-001e4a7\" data-id=\"001e4a7\" data-element_type=\"column\">\n\t\t\t<div class=\"elementor-widget-wrap elementor-element-populated\">\n\t\t\t\t\t\t<div class=\"elementor-element elementor-element-a4879aa legal elementor-widget elementor-widget-heading\" data-id=\"a4879aa\" data-element_type=\"widget\" data-widget_type=\"heading.default\">\n\t\t\t\t<div class=\"elementor-widget-container\">\n\t\t\t\t\t<h2 class=\"elementor-heading-title elementor-size-default\">Privacy policy<\/h2>\t\t\t\t<\/div>\n\t\t\t\t<\/div>\n\t\t\t\t\t<\/div>\n\t\t<\/div>\n\t\t\t\t\t<\/div>\n\t\t<\/section>\n\t\t<div class=\"elementor-element elementor-element-bd64b07 e-flex e-con-boxed e-con e-parent\" data-id=\"bd64b07\" data-element_type=\"container\" data-settings=\"{&quot;background_background&quot;:&quot;classic&quot;}\">\n\t\t\t\t\t<div class=\"e-con-inner\">\n\t\t\t\t<div class=\"elementor-element elementor-element-12ad57e legal elementor-widget elementor-widget-text-editor\" data-id=\"12ad57e\" data-element_type=\"widget\" data-widget_type=\"text-editor.default\">\n\t\t\t\t<div class=\"elementor-widget-container\">\n\t\t\t\t\t\t\t\t\t<p><b>Privacy policy<\/b><\/p><p><span style=\"font-weight: 400;\">Este texto legal te da detalles de c\u00f3mo recopilamos y procesamos tus datos personales a trav\u00e9s del uso de nuestro sitio web <\/span><span style=\"font-weight: 400;\">https:\/\/www.alquilatucasaencadiz.com\/<\/span><span style=\"font-weight: 400;\">, incluyendo cualquier informaci\u00f3n que puedas proporcionarnos a trav\u00e9s del sitio cuando realizas la contrataci\u00f3n de un servicio, te registras a nuestro bolet\u00edn informativo o proporcionas tus datos de contacto a trav\u00e9s del formulario habilitado para tal fin.<\/span><\/p><p><span style=\"font-weight: 400;\">Al proporcionarnos los datos, nos garantizas que tienes m\u00e1s de 18 a\u00f1os<\/span><b>.<\/b><\/p><p><b>1.- Responsable del tratamiento.<\/b><\/p><p><span style=\"font-weight: 400;\">Datos de contacto del responsable: <\/span><span style=\"font-weight: 400;\">EDUARDO MORAL CASIMIRO<\/span><span style=\"font-weight: 400;\">, con N.I.F:<\/span><span style=\"font-weight: 400;\">75776741K<\/span><span style=\"font-weight: 400;\"> con domicilio en <\/span><span style=\"font-weight: 400;\">Plaza Marte 1, 3\u00baIzq, 11407, Jerez, C\u00e1diz \u2013 Espa\u00f1a<\/span><span style=\"font-weight: 400;\"> y correo electr\u00f3nico <\/span><span style=\"font-weight: 400;\">alquilatucasaencadiz@gmail.com<\/span><\/p><p><b>2.- \u00bfQu\u00e9 datos recopilamos?<\/b><\/p><p><span style=\"font-weight: 400;\">Seg\u00fan el Reglamento General de Protecci\u00f3n de Datos 679\/2016\/UE (RGPD), en su art\u00edculo 4, define <\/span><b>dato personal<\/b><span style=\"font-weight: 400;\"> como toda informaci\u00f3n sobre una persona f\u00edsica identificada o identificable (interesado), es decir toda la informaci\u00f3n capaz de identificar a una persona. Esto no incluye los datos an\u00f3nimos.<\/span><\/p><p><span style=\"font-weight: 400;\">Podemos procesar ciertos tipos de datos personales, que podr\u00e1n incluir:<\/span><\/p><ul><li style=\"font-weight: 400;\" aria-level=\"1\"><span style=\"font-weight: 400;\">Datos de identidad: nombre, apellidos.<\/span><\/li><li style=\"font-weight: 400;\" aria-level=\"1\"><span style=\"font-weight: 400;\">Datos de contacto: email o direcci\u00f3n de facturaci\u00f3n.<\/span><\/li><li style=\"font-weight: 400;\" aria-level=\"1\"><span style=\"font-weight: 400;\">Datos financieros: datos bancarios y otros detalles de compras realizadas<\/span><\/li><li style=\"font-weight: 400;\" aria-level=\"1\"><span style=\"font-weight: 400;\">Datos t\u00e9cnicos: datos de inicio de sesi\u00f3n, direcciones de protocolo de Internet, tipo y versi\u00f3n de navegador, configuraci\u00f3n y ubicaci\u00f3n de la zona horaria, sistema operativo, tipos y versiones de plug-in de navegador, y cualquier otra tecnolog\u00eda en los dispositivos que usa para acceder a nuestra p\u00e1gina web.<\/span><\/li><li style=\"font-weight: 400;\" aria-level=\"1\"><span style=\"font-weight: 400;\">Datos de perfil: nombre de usuario y contrase\u00f1a, comentarios y respuestas a encuestas.<\/span><\/li><li style=\"font-weight: 400;\" aria-level=\"1\"><span style=\"font-weight: 400;\">Datos de uso: informaci\u00f3n sobre c\u00f3mo usar nuestra web y servicios.<\/span><\/li><li style=\"font-weight: 400;\" aria-level=\"1\"><span style=\"font-weight: 400;\">Datos de marketing y comunicaciones: preferencias para recibir comunicaciones de marketing por nuestra parte y medio preferente de comunicaci\u00f3n.<\/span><\/li><\/ul><p><span style=\"font-weight: 400;\">En caso de que se te solicitemos recopilar datos personales, por ley o seg\u00fan los t\u00e9rminos de contrataci\u00f3n entre nosotros, y te niegues a facilit\u00e1rnoslos, es posible que no podamos realizar dicho contrato o prestar el servicio, debiendo comunic\u00e1rnoslo con antelaci\u00f3n.<\/span><\/p><p><b>3.- \u00bfC\u00f3mo recopilamos sus datos personales?<\/b><\/p><p><span style=\"font-weight: 400;\">Los medios que usamos para recopilar datos personales son:<\/span><\/p><ul><li style=\"font-weight: 400;\" aria-level=\"1\"><b>A trav\u00e9s del formulario de nuestra p\u00e1gina web cuando:<\/b><ul><li style=\"font-weight: 400;\" aria-level=\"2\"><span style=\"font-weight: 400;\">Formulario de contacto<\/span><\/li><li style=\"font-weight: 400;\" aria-level=\"2\"><span style=\"font-weight: 400;\">Email<\/span><\/li><\/ul><\/li><li style=\"font-weight: 400;\" aria-level=\"1\"><b>A trav\u00e9s de la tecnolog\u00eda o interacciones automatizadas<\/b><span style=\"font-weight: 400;\">: en nuestro sitio podemos recopilar autom\u00e1ticamente datos t\u00e9cnicos sobre tu equipo, acciones de navegaci\u00f3n y patrones de uso. Estos datos son recopilados a trav\u00e9s de cookies o tecnolog\u00edas similares. Si quieres ampliar la informaci\u00f3n, puedes consultar nuestra pol\u00edtica de cookies.<\/span><\/li><li style=\"font-weight: 400;\" aria-level=\"1\"><b>\u00a0A trav\u00e9s de terceros:<\/b><ul><li style=\"font-weight: 400;\" aria-level=\"2\"><b>Google: <\/b><span style=\"font-weight: 400;\">datos anal\u00edticos o datos de b\u00fasqueda. Fuera de la Uni\u00f3n Europea.<\/span><\/li><li style=\"font-weight: 400;\" aria-level=\"2\"><b>Redes Sociales: (Facebook, Instagram, Twitter, Linkedin\u2026) <\/b><span style=\"font-weight: 400;\">fuera de la Uni\u00f3n Europea.<\/span><\/li><\/ul><\/li><\/ul><p><b>4.- Finalidad y legitimidad para el uso de sus datos.<\/b><\/p><p><span style=\"font-weight: 400;\">Los usos m\u00e1s comunes de tus datos personales son:<\/span><\/p><ul><li style=\"font-weight: 400;\" aria-level=\"1\"><span style=\"font-weight: 400;\">Cuando prestes tu consentimiento en el tratamiento de tus datos<\/span><\/li><li style=\"font-weight: 400;\" aria-level=\"1\"><span style=\"font-weight: 400;\">Cuando los necesitemos para dar cumplimiento a una obligaci\u00f3n legal.<\/span><\/li><li style=\"font-weight: 400;\" aria-level=\"1\"><span style=\"font-weight: 400;\">Cuando sea necesario para nuestro inter\u00e9s leg\u00edtimo o de un tercero.<\/span><\/li><\/ul><p><span style=\"font-weight: 400;\">Podr\u00e1s revocar el consentimiento prestado en cualquier momento enviando un correo a\u00a0 <\/span><a href=\"mailto:info@lopezyarandaasesores.com\"><span style=\"font-weight: 400;\">alquilatucasaencadiz@gmail.com<\/span><\/a> <span style=\"font-weight: 400;\">o consultando el apartado de ejercicio de derechos m\u00e1s adelante.<\/span><\/p><p><span style=\"font-weight: 400;\">A continuaci\u00f3n adjuntamos una tabla en la que puedes consultar las formas en las que vamos a utilizar tus datos personales y la legitimidad para su uso, adem\u00e1s de saber qu\u00e9 tipo de datos personales vamos a tratar. Podemos procesar alg\u00fan dato personal por alg\u00fan motivo legal adicional, por lo que si necesitas detalles al respecto, puede enviar un correo electr\u00f3nico a\u00a0 <\/span><span style=\"font-weight: 400;\">alquilatucasaencadiz@gmail.com<\/span><\/p><table><tbody><tr><td><p><b>FINALIDAD<\/b><\/p><\/td><td><p><b>DATOS<\/b><\/p><\/td><td><p><b>LEGITIMIDAD<\/b><\/p><\/td><\/tr><tr><td><p><span style=\"font-weight: 400;\">Para solicitar informaci\u00f3n a trav\u00e9s del formulario de contacto<\/span><\/p><\/td><td><p><span style=\"font-weight: 400;\">Nombre Apellidos Email<\/span><\/p><\/td><td><p><span style=\"font-weight: 400;\">Consentimiento del interesado<\/span><\/p><\/td><\/tr><tr><td><p><span style=\"font-weight: 400;\">Para realizar comunicaciones comerciales<\/span><\/p><\/td><td><p><span style=\"font-weight: 400;\">Nombre Apellidos Email<\/span><\/p><\/td><td><p><span style=\"font-weight: 400;\">Consentimiento del interesado<\/span><\/p><\/td><\/tr><tr><td><p><span style=\"font-weight: 400;\">Para administrar y proteger nuestro negocio\u00a0 y nuestra p\u00e1gina web<\/span><\/p><\/td><td><p><span style=\"font-weight: 400;\">Datos t\u00e9cnicos Nombre Apellidos Email<\/span><\/p><\/td><td><p><span style=\"font-weight: 400;\">Inter\u00e9s leg\u00edtimo<\/span><\/p><\/td><\/tr><\/tbody><\/table><p><b>Comunicaciones comerciales<\/b><span style=\"font-weight: 400;\">: solo recibir\u00e1s comunicaciones si<\/span><\/p><ul><li style=\"font-weight: 400;\" aria-level=\"1\"><span style=\"font-weight: 400;\">Nos solicitaste informaci\u00f3n.<\/span><\/li><li style=\"font-weight: 400;\" aria-level=\"1\"><span style=\"font-weight: 400;\">Si nos proporcionaste tus datos, acepta la casilla habilitada al respecto en nuestro formulario de contacto.<\/span><\/li><li style=\"font-weight: 400;\" aria-level=\"1\"><span style=\"font-weight: 400;\">Siempre y cuando no hayas manifestado tu voluntad de dejar de recibir dichas comunicaciones.<\/span><\/li><\/ul><p><span style=\"font-weight: 400;\">Obtenemos tu consentimiento expreso antes de mandarte cualquier comunicaci\u00f3n, pudiendo solicitar en cualquier momento que dejemos de mandarte comunicaciones en el email\u00a0 <\/span><span style=\"font-weight: 400;\">alquilatucasaencadiz@gmail.com.<\/span><\/p><p><span style=\"font-weight: 400;\">Cuando optes por dejar de recibir nuestras comunicaciones, tus datos personales seguir\u00e1n almacenados como resultado de la contrataci\u00f3n realizada por ti para ajustarnos a las exigencias legales.<\/span><\/p><p><b>Finalidad<\/b><span style=\"font-weight: 400;\">: s\u00f3lo utilizaremos tus datos para los fines para los que los recopilamos, a menos que consideremos razonablemente que debemos usarlo para otro motivo, notific\u00e1ndote previamente para que est\u00e9s informado del motivo legal de su procesamiento y siempre y cuando el fin sea compatible con el prop\u00f3sito original.<\/span><\/p><p><b>Plazo de conservaci\u00f3n<\/b><span style=\"font-weight: 400;\">: Se conservar\u00e1n durante el tiempo necesario para cumplir con la finalidad para la que se recabaron y para determinar las posibles responsabilidades que se pudieran derivar de dicha finalidad y del tratamiento de los datos. Ser\u00e1 de aplicaci\u00f3n lo dispuesto en la normativa de archivos y documentaci\u00f3n.<\/span><\/p><p><b>5.- Tus Derechos en Protecci\u00f3n de Datos<\/b><\/p><p><b>\u00bfC\u00f3mo ejercer dichos derechos?<\/b><span style=\"font-weight: 400;\"> Podr\u00e1s dirigir una comunicaci\u00f3n al domicilio social de\u00a0 la <\/span><a href=\"https:\/\/docs.google.com\/document\/d\/1rjgdM-ierGTmnBYRnuWJ2WpiUMf3BXjHwb_Q2TFl_ZA\/edit#bookmark=id.tkwr9nt4skes\" target=\"_blank\" rel=\"noopener\"><span style=\"font-weight: 400;\">persona responsable<\/span><\/a><span style=\"font-weight: 400;\"> o direcci\u00f3n de correo electr\u00f3nico <\/span><span style=\"font-weight: 400;\">alquilatucasaencadiz@gmail.com<\/span> <span style=\"font-weight: 400;\">incluyendo en ambos casos fotocopia de tu D.N.I u otro documento de identificaci\u00f3n similar, para solicitar el ejercicio de los siguientes derechos:<\/span><\/p><ul><li style=\"font-weight: 400;\" aria-level=\"1\"><b>Acceso<\/b><span style=\"font-weight: 400;\"> a tus datos personales: podr\u00e1s preguntar a la persona responsable si est\u00e1 usando tus datos personales.<\/span><\/li><li style=\"font-weight: 400;\" aria-level=\"1\"><span style=\"font-weight: 400;\">A solicitar su <\/span><b>rectificaci\u00f3n<\/b><span style=\"font-weight: 400;\">, si no fuesen correctos, o a ejercer el <\/span><b>derecho al olvido<\/b><span style=\"font-weight: 400;\"> con respecto a los mismos.<\/span><\/li><li style=\"font-weight: 400;\" aria-level=\"1\"><span style=\"font-weight: 400;\">A solicitar la <\/span><b>limitaci\u00f3n del tratamiento<\/b><span style=\"font-weight: 400;\">, en este caso, solo ser\u00e1n conservados por\u00a0 la persona responsable\u00a0 para el ejercicio o defensa de reclamaciones<\/span><\/li><li style=\"font-weight: 400;\" aria-level=\"1\"><span style=\"font-weight: 400;\">A <\/span><b>oponerse<\/b><span style=\"font-weight: 400;\"> a su tratamiento: la persona responsable\u00a0 dejar\u00e1 tratar los datos en la forma que nos indiques, salvo que por motivos leg\u00edtimos o para el ejercicio o defensa de posibles reclamaciones, estos deban seguir trat\u00e1ndose.<\/span><\/li><li style=\"font-weight: 400;\" aria-level=\"1\"><span style=\"font-weight: 400;\">A la <\/span><b>portabilidad <\/b><span style=\"font-weight: 400;\">de los datos: en caso de que quieras que tus datos sean tratados por otra firma\u00a0 la persona responsable , le facilitar\u00e1 la portabilidad de tus datos al nuevo responsable.<\/span><\/li><\/ul><p><span style=\"font-weight: 400;\">Reclamar ante la AEPD: si consideras que hay un problema con la forma en que\u00a0 la persona responsable\u00a0 est\u00e1 tratando tus datos, puedes dirigir tus reclamaciones al correo electr\u00f3nico\u00a0 <\/span><span style=\"font-weight: 400;\">alquilatucasaencadiz@gmail.com<\/span><span style=\"font-weight: 400;\">, o a la autoridad de control correspondiente, siendo en Espa\u00f1a la competente para ello, <\/span><a href=\"https:\/\/sedeagpd.gob.es\/sede-electronica-web\/\" target=\"_blank\" rel=\"noopener\"><span style=\"font-weight: 400;\">Agencia Espa\u00f1ola de Protecci\u00f3n de Datos<\/span><\/a><span style=\"font-weight: 400;\">.<\/span><\/p><p><span style=\"font-weight: 400;\">Es posible que tengamos que solicitarle informaci\u00f3n espec\u00edfica para ayudarnos a confirmar tu identidad y garantizar tu derecho a acceder a tus datos personales (o ejercer cualquier otro de los derechos mencionados anteriormente). Esto es una medida de seguridad para garantizar que los datos personales no se revelen a ninguna persona que no tenga derecho a recibirlos.<\/span><\/p><p><span style=\"font-weight: 400;\">Todas las solicitudes las solventamos en el plazo legal indicado 1 mes. No obstante, puede llevarnos m\u00e1s de un mes si tu solicitud es particularmente compleja, o si ya has realizado una serie de actuaciones previamente. En este caso, te notificaremos y te mantendremos actualizado.<\/span><\/p><p><b>6.- Cesi\u00f3n de datos personales<\/b><\/p><p><span style=\"font-weight: 400;\">Es posible que, en el desempe\u00f1o de nuestro trabajo, debamos ceder tus datos a terceros, que solo tratar\u00e1n los datos para prestar el servicio contratado, y con los que disponemos de las correspondientes medidas para garantizar sus derechos:<\/span><\/p><ul><li style=\"font-weight: 400;\" aria-level=\"1\"><span style=\"font-weight: 400;\">Proveedores de servicios que brindan servicios de administraci\u00f3n de sistemas y tecnolog\u00eda de la informaci\u00f3n.<\/span><\/li><li style=\"font-weight: 400;\" aria-level=\"1\"><span style=\"font-weight: 400;\">Asesores profesionales que incluyen abogados, auditores y aseguradores que brindan servicios de consultor\u00eda bancarios, legales, de seguros y de contabilidad.<\/span><\/li><\/ul><p><span style=\"font-weight: 400;\">Todas estas cesiones te ser\u00e1n previamente comunicadas y te manifestamos que requerimos a todos los encargados de tratamiento a quienes transferimos tus datos personales que respeten la seguridad de tus datos personales y los traten de acuerdo al RGPD. S\u00f3lo permitimos que dichos encargados traten tus datos para fines determinados y de conformidad con nuestras instrucciones. No obstante puede solicitarse, en cumplimiento de la transparencia un listado de quienes son estas empresas que nos prestan servicios, puede hacerlo al email:\u00a0 <\/span><span style=\"font-weight: 400;\">alquilatucasaencadiz@gmail.com<\/span><\/p><p><b>7.- Seguridad de Datos<\/b><\/p><p><span style=\"font-weight: 400;\">Hemos implementado las medidas de seguridad adecuadas para evitar que tus datos personales se pierdan accidentalmente, se usen o accedan de forma no autorizada, se modifiquen o divulguen. Adem\u00e1s, limitamos el acceso a tus datos personales a aquellos empleados, agentes contratistas y otros terceros que tengan una necesidad comercial de conocer dichos datos. Solo procesar\u00e1n tus datos personales seg\u00fan nuestras instrucciones y estar\u00e1n sujetos al deber de confidencialidad.<\/span><\/p><p><span style=\"font-weight: 400;\">Hemos implementado procedimientos para tratar cualquier sospecha de violaci\u00f3n de tus datos personales y te lo notificaremos y a la Autoridad de Control en caso de que ocurriera, tal como queda regulado en el RGPD en sus art\u00edculos 33 y 34, una brecha de seguridad.<br \/><br \/><br \/><\/span><\/p><p><strong>8.-Identidad el responsable<\/strong><\/p><ul><li>Responsable: Eduardo Moral Casimio.<\/li><li>NIF: 75776741K<\/li><li>Domicilio: Plaza Marte 1, 3\u00ba Izq, 11407, Jerez, C\u00e1diz &#8211;\u00a0 Espa\u00f1a.<\/li><li>Sitios web: http:\/\/www.alquilatucasaencadiz.com<\/li><\/ul><p>\u00a0<\/p>\t\t\t\t\t\t\t\t<\/div>\n\t\t\t\t<\/div>\n\t\t\t\t\t<\/div>\n\t\t\t\t<\/div>\n\t\t\t\t<\/div>","protected":false},"excerpt":{"rendered":"<p>Pol\u00edtica de Privacidad Este texto legal te da detalles de c\u00f3mo recopilamos y procesamos tus datos personales a trav\u00e9s del uso de nuestro sitio web https:\/\/www.alquilatucasaencadiz.com\/, incluyendo cualquier informaci\u00f3n que puedas proporcionarnos a trav\u00e9s del sitio cuando realizas la contrataci\u00f3n de un servicio, te registras a nuestro bolet\u00edn informativo o proporcionas tus datos de contacto [&hellip;]<\/p>\n","protected":false},"author":1,"featured_media":0,"parent":0,"menu_order":0,"comment_status":"closed","ping_status":"closed","template":"elementor_header_footer","meta":{"footnotes":""},"_links":{"self":[{"href":"https:\/\/www.alquilatucasaencadiz.com\/en_gb\/wp-json\/wp\/v2\/pages\/748"}],"collection":[{"href":"https:\/\/www.alquilatucasaencadiz.com\/en_gb\/wp-json\/wp\/v2\/pages"}],"about":[{"href":"https:\/\/www.alquilatucasaencadiz.com\/en_gb\/wp-json\/wp\/v2\/types\/page"}],"author":[{"embeddable":true,"href":"https:\/\/www.alquilatucasaencadiz.com\/en_gb\/wp-json\/wp\/v2\/users\/1"}],"replies":[{"embeddable":true,"href":"https:\/\/www.alquilatucasaencadiz.com\/en_gb\/wp-json\/wp\/v2\/comments?post=748"}],"version-history":[{"count":21,"href":"https:\/\/www.alquilatucasaencadiz.com\/en_gb\/wp-json\/wp\/v2\/pages\/748\/revisions"}],"predecessor-version":[{"id":3581,"href":"https:\/\/www.alquilatucasaencadiz.com\/en_gb\/wp-json\/wp\/v2\/pages\/748\/revisions\/3581"}],"wp:attachment":[{"href":"https:\/\/www.alquilatucasaencadiz.com\/en_gb\/wp-json\/wp\/v2\/media?parent=748"}],"curies":[{"name":"wp","href":"https:\/\/api.w.org\/{rel}","templated":true}]}}