{"id":747,"date":"2024-03-15T22:21:33","date_gmt":"2024-03-15T22:21:33","guid":{"rendered":"https:\/\/www.alquilatucasaencadiz.com\/aviso-legal\/"},"modified":"2026-03-12T11:53:48","modified_gmt":"2026-03-12T11:53:48","slug":"aviso-legal","status":"publish","type":"page","link":"https:\/\/www.alquilatucasaencadiz.com\/en_gb\/aviso-legal\/","title":{"rendered":"Legal Notice"},"content":{"rendered":"<div data-elementor-type=\"wp-page\" data-elementor-id=\"747\" class=\"elementor elementor-747\" data-elementor-post-type=\"page\">\n\t\t\t\t\t\t<section class=\"elementor-section elementor-top-section elementor-element elementor-element-1ad618a elementor-section-boxed elementor-section-height-default elementor-section-height-default\" data-id=\"1ad618a\" data-element_type=\"section\" data-settings=\"{&quot;background_background&quot;:&quot;classic&quot;}\">\n\t\t\t\t\t\t<div class=\"elementor-container elementor-column-gap-default\">\n\t\t\t\t\t<div class=\"elementor-column elementor-col-100 elementor-top-column elementor-element elementor-element-bad4fad\" data-id=\"bad4fad\" data-element_type=\"column\">\n\t\t\t<div class=\"elementor-widget-wrap elementor-element-populated\">\n\t\t\t\t\t\t<div class=\"elementor-element elementor-element-adac63b elementor-widget elementor-widget-heading\" data-id=\"adac63b\" data-element_type=\"widget\" data-widget_type=\"heading.default\">\n\t\t\t\t<div class=\"elementor-widget-container\">\n\t\t\t\t\t<h2 class=\"elementor-heading-title elementor-size-default\">Legal Notice<\/h2>\t\t\t\t<\/div>\n\t\t\t\t<\/div>\n\t\t\t\t\t<\/div>\n\t\t<\/div>\n\t\t\t\t\t<\/div>\n\t\t<\/section>\n\t\t<div class=\"elementor-element elementor-element-93a4a8d e-flex e-con-boxed e-con e-parent\" data-id=\"93a4a8d\" data-element_type=\"container\" data-settings=\"{&quot;background_background&quot;:&quot;classic&quot;}\">\n\t\t\t\t\t<div class=\"e-con-inner\">\n\t\t\t\t<div class=\"elementor-element elementor-element-039e9eb legal elementor-widget elementor-widget-text-editor\" data-id=\"039e9eb\" data-element_type=\"widget\" data-widget_type=\"text-editor.default\">\n\t\t\t\t<div class=\"elementor-widget-container\">\n\t\t\t\t\t\t\t\t\t<p><b>1.- Informaci\u00f3n legal y aceptaci\u00f3n\u00a0<\/b><\/p><p><span style=\"font-weight: 400;\">En cumplimiento del art\u00edculo <\/span><b>10 de la Ley 34\/2002<\/b><span style=\"font-weight: 400;\">, de 11 de julio, de Servicios de la Sociedad de la Informaci\u00f3n y Comercio Electr\u00f3nico, a continuaci\u00f3n se exponen los datos identificativos de la empresa. El presente portal de internet se pone al servicio de los usuarios por la entidad, cuyos datos identificativos son:<\/span><\/p><table><tbody><tr><td><p><b>Denominaci\u00f3n Social:<\/b><\/p><\/td><td><p><span style=\"font-weight: 400;\">EDUARDO MORAL CASIMIRO<\/span><\/p><\/td><\/tr><tr><td><p><b>CIF:<\/b><\/p><\/td><td><p><span style=\"font-weight: 400;\">75776741K<\/span><\/p><\/td><\/tr><tr><td><p><b>Domicilio Social:\u00a0<\/b><\/p><\/td><td><p><span style=\"font-weight: 400;\">Plaza Marte 1, 3\u00baIzq, 11407, Jerez, C\u00e1diz \u2013 Espa\u00f1a<\/span><\/p><\/td><\/tr><tr><td><p><b>Email:<\/b><\/p><\/td><td><p><span style=\"font-weight: 400;\">alquilatucasaencadiz@gmail.com<\/span><\/p><\/td><\/tr><\/tbody><\/table><p><span style=\"font-weight: 400;\">El acceso a la p\u00e1gina web es gratuito, salvo en lo relativo al coste de la conexi\u00f3n a trav\u00e9s de la red de telecomunicaciones suministrada por el proveedor de acceso contratado por los usuarios. Determinados servicios son exclusivos para nuestros clientes y su acceso se encuentra restringido.<\/span><\/p><p><span style=\"font-weight: 400;\">La utilizaci\u00f3n del Portal atribuye la condici\u00f3n de usuario del Portal (en adelante, el \u2018Usuario\u2019) e implica la aceptaci\u00f3n de todas las condiciones incluidas en este Aviso Legal. La prestaci\u00f3n del servicio del Portal tiene una duraci\u00f3n limitada al momento en el que el Usuario se encuentre conectado al Portal o a alguno de los servicios que a trav\u00e9s del mismo se facilitan. Por tanto, el Usuario debe leer atentamente el presente Aviso Legal en cada una de las ocasiones en que se proponga utilizar el Portal, ya que <\/span><b>alquilatucasaencadiz<\/b> <span style=\"font-weight: 400;\">se reserva el derecho de efectuar sin previo aviso las modificaciones que considere oportunas en su web, pudiendo cambiar, suprimir o a\u00f1adir tanto los contenidos y servicios que se presten a trav\u00e9s de la misma como la forma en la que \u00e9stos aparezcan presentados.<\/span><\/p><p><span style=\"font-weight: 400;\">Por otro lado, el aviso legal podr\u00e1 cambiar en cualquier momento. Las modificaciones entrar\u00e1n en vigor desde el momento de su publicaci\u00f3n.<\/span><\/p><p><span style=\"font-weight: 400;\">Algunos servicios del Portal accesibles para los usuarios de Internet o exclusivos para los usuarios de <\/span><b>alquilatucasaencadiz<\/b><span style=\"font-weight: 400;\">, pueden estar sometidos a condiciones particulares, reglamentos e instrucciones que, en su caso, sustituyen, completan y\/o modifican el presente Aviso Legal y que deber\u00e1n ser aceptadas por el Usuario antes de iniciarse la prestaci\u00f3n del servicio correspondiente.<\/span><\/p><p><b>2.- Propiedad intelectual e industrial<\/b><\/p><p><span style=\"font-weight: 400;\">Todos los contenidos del Portal, entendiendo por estos a t\u00edtulo meramente enunciativo los textos, fotograf\u00edas, gr\u00e1ficos, im\u00e1genes, iconos, tecnolog\u00eda, software, links y dem\u00e1s contenidos audiovisuales o sonoros, as\u00ed como su dise\u00f1o gr\u00e1fico y c\u00f3digos fuente (en adelante, los \u2018Contenidos\u2019), son propiedad intelectual de <\/span><b>alquilatucasaencadiz<\/b><b>\u00a0 <\/b><span style=\"font-weight: 400;\">o de terceros, sin que puedan entenderse cedidos al Usuario ninguno de los derechos de explotaci\u00f3n reconocidos por la normativa vigente en materia de propiedad intelectual sobre los mismos, salvo aquellos que resulten estrictamente necesario para el uso del Portal.<\/span><\/p><p><span style=\"font-weight: 400;\">Las marcas, nombres comerciales o signos distintivos son titularidad de <\/span><b>alquilatucasaencadiz<\/b><b>\u00a0 <\/b><span style=\"font-weight: 400;\">o terceros, sin que pueda entenderse que el acceso al Portal atribuya ning\u00fan derecho sobre las citadas marcas, nombres comerciales y\/o signos distintivos.<\/span><\/p><p><span style=\"font-weight: 400;\">Est\u00e1 prohibida la utilizaci\u00f3n de cualquier marca denominativa, gr\u00e1fica o mixta o cualquier otro signo distintivo de <\/span><b>alquilatucasaencadiz<\/b><b>\u00a0 <\/b><span style=\"font-weight: 400;\">dentro de la p\u00e1gina del remitente salvo en los casos permitidos por la ley o expresamente autorizados por <\/span><b>alquilatucasaencadiz<\/b><b>\u00a0 <\/b><span style=\"font-weight: 400;\">y siempre que se permita, en estos casos, un enlace directo con el Portal en la forma establecida en esta cl\u00e1usula.<\/span><\/p><p><b>3.- Condiciones de uso del portal<\/b><\/p><p><span style=\"font-weight: 400;\">El Usuario se obliga a hacer un uso correcto del Portal de conformidad con la Ley y el presente Aviso Legal, as\u00ed como con las dem\u00e1s condiciones, reglamentos e instrucciones que en su caso pudieran ser de aplicaci\u00f3n de conformidad con lo dispuesto en la cl\u00e1usula 1. El Usuario responder\u00e1 frente a <\/span><b>alquilatucasaencadiz<\/b><b>\u00a0 <\/b><span style=\"font-weight: 400;\">o frente a terceros, de cualesquiera da\u00f1os y perjuicios que pudieran causarse como consecuencia del incumplimiento de dicha obligaci\u00f3n.<\/span><\/p><p><span style=\"font-weight: 400;\">Queda expresamente prohibido el uso del Portal con fines lesivos de bienes o intereses de <\/span><b>alquilatucasaencadiz<\/b><span style=\"font-weight: 400;\"> o de terceros o que de cualquier otra forma sobrecarguen, da\u00f1en o inutilice las redes, servidores y dem\u00e1s equipos inform\u00e1ticos (hardware) o productos y aplicaciones inform\u00e1ticas (software) de <\/span><b>alquilatucasaencadiz<\/b><b>\u00a0 <\/b><span style=\"font-weight: 400;\">o de terceros.<\/span><\/p><p><span style=\"font-weight: 400;\">En ning\u00fan caso, se expresar\u00e1 en la p\u00e1gina donde se ubique el enlace que <\/span><b>alquilatucasaencadiz<\/b> <span style=\"font-weight: 400;\">\u00a0ha prestado su consentimiento para la inserci\u00f3n del enlace o que de otra forma patrocina, colabora, verifica o supervisa los servicios del remitente.<\/span><\/p><p><b>4.- Exclusi\u00f3n de responsabilidad<\/b><\/p><p><span style=\"font-weight: 400;\">Hasta donde la ley lo permita, <\/span><b>alquilatucasaencadiz<\/b><span style=\"font-weight: 400;\">, no se hace responsable de:\u00a0<\/span><\/p><ol><li><b>a)<\/b><span style=\"font-weight: 400;\"> los errores u omisiones en los contenidos;\u00a0<\/span><\/li><li><b>b)<\/b><span style=\"font-weight: 400;\"> la falta de disponibilidad de la web o;\u00a0<\/span><\/li><li><b>c)<\/b><span style=\"font-weight: 400;\"> la transmisi\u00f3n de programas maliciosos en los contenidos, a pesar de haber adoptado todas las medidas tecnol\u00f3gicas necesarias para evitarlo.<\/span><\/li><\/ol><p><b>5.- Protecci\u00f3n de datos personales<\/b><\/p><p><span style=\"font-weight: 400;\">Consulta nuestra <\/span><b>Privacy policy<\/b><span style=\"font-weight: 400;\"> para conocer el uso que hacemos de tus datos personales.<\/span><\/p><p><b>6.- Cookies<\/b><\/p><p><span style=\"font-weight: 400;\">Consulta nuestra Pol\u00edtica de Cookies para conocer el uso que hacemos de ellas.<\/span><\/p><p><b>7.- Comunicaci\u00f3n de actividades de car\u00e1cter il\u00edcito e inadecuado\u00a0<\/b><\/p><p><span style=\"font-weight: 400;\">En el caso de que el Usuario o cualquier otro usuario de Internet tuvieran conocimiento de que los Sitios Enlazados remiten a p\u00e1ginas cuyos contenidos o servicios son il\u00edcitos, nocivos, denigrantes, violentos o contrarios a la moral podr\u00e1 ponerse en contacto con <\/span><b>alquilatucasaencadiz <\/b><span style=\"font-weight: 400;\">indicando los siguientes extremos:<\/span><\/p><ul><li style=\"font-weight: 400;\" aria-level=\"1\"><span style=\"font-weight: 400;\">Datos personales del comunicante: nombre, direcci\u00f3n, n\u00famero de tel\u00e9fono y direcci\u00f3n de correo electr\u00f3nico;<\/span><\/li><li style=\"font-weight: 400;\" aria-level=\"1\"><span style=\"font-weight: 400;\">Descripci\u00f3n de los hechos que revelan el car\u00e1cter il\u00edcito o inadecuado del Sitio Enlazado;<\/span><\/li><li style=\"font-weight: 400;\" aria-level=\"1\"><span style=\"font-weight: 400;\">En el supuesto de violaci\u00f3n de derechos, tales como propiedad intelectual e industrial, los datos personales del titular del derecho infringido cuando sea persona distinta del comunicante. As\u00ed mismo deber\u00e1 aportar el t\u00edtulo que acredite la legitimaci\u00f3n del titular de los derechos y, en su caso, el de representaci\u00f3n para actuar por cuenta del titular cuando sea persona distinta del comunicante;<\/span><\/li><li style=\"font-weight: 400;\" aria-level=\"1\"><span style=\"font-weight: 400;\">Declaraci\u00f3n expresa de que la informaci\u00f3n contenida en la reclamaci\u00f3n es exacta.<\/span><\/li><li style=\"font-weight: 400;\" aria-level=\"1\"><span style=\"font-weight: 400;\">Deber\u00e1 aportar el t\u00edtulo que acredite la legitimaci\u00f3n del titular de los derechos y, en su caso, el de representaci\u00f3n para actuar por cuenta del titular cuando sea persona distinta del comunicante<\/span><\/li><\/ul><p><span style=\"font-weight: 400;\">La recepci\u00f3n por parte de <\/span><b>alquilatucasaencadiz<\/b> <span style=\"font-weight: 400;\">\u00a0de la comunicaci\u00f3n prevista en esta cl\u00e1usula no supondr\u00e1, seg\u00fan lo dispuesto en la LSSI, el conocimiento efectivo de las actividades y\/o contenidos indicados por el comunicante<\/span><\/p><p><b>8.- Legislaci\u00f3n y fuero<\/b><span style=\"font-weight: 400;\"> El presente Aviso Legal se rige en todos y cada uno de sus extremos por la ley espa\u00f1ola. Siempre y cuando la Ley aplicable permita la renuncia al fuero legal establecido, se designa como fuero para dirimir posibles disputas, los Juzgados y Tribunales de M\u00e1laga.<\/span><\/p><p><br \/><br \/><\/p>\t\t\t\t\t\t\t\t<\/div>\n\t\t\t\t<\/div>\n\t\t\t\t<div class=\"elementor-element elementor-element-d339a1a elementor-widget-mobile__width-inherit premium-header-inline premium-lq__none premium-box-lq__none elementor-widget elementor-widget-premium-addon-dual-header\" data-id=\"d339a1a\" data-element_type=\"widget\" data-widget_type=\"premium-addon-dual-header.default\">\n\t\t\t\t\t\n\t\t<div class=\"elementor-widget-container\">\n\t\t\t\t\t<h2 class=\"premium-dual-header-first-header\"><span class=\"premium-dual-header-first-span\"> <\/span><\/h2> \t\t\t\t<\/div>\n\n\t\t\t\t\t\t<\/div>\n\t\t\t\t\t<\/div>\n\t\t\t\t<\/div>\n\t\t\t\t<\/div>","protected":false},"excerpt":{"rendered":"<p>1.- Informaci\u00f3n legal y aceptaci\u00f3n\u00a0 En cumplimiento del art\u00edculo 10 de la Ley 34\/2002, de 11 de julio, de Servicios de la Sociedad de la Informaci\u00f3n y Comercio Electr\u00f3nico, a continuaci\u00f3n se exponen los datos identificativos de la empresa. El presente portal de internet se pone al servicio de los usuarios por la entidad, cuyos [&hellip;]<\/p>\n","protected":false},"author":1,"featured_media":0,"parent":0,"menu_order":0,"comment_status":"closed","ping_status":"closed","template":"elementor_header_footer","meta":{"footnotes":""},"_links":{"self":[{"href":"https:\/\/www.alquilatucasaencadiz.com\/en_gb\/wp-json\/wp\/v2\/pages\/747"}],"collection":[{"href":"https:\/\/www.alquilatucasaencadiz.com\/en_gb\/wp-json\/wp\/v2\/pages"}],"about":[{"href":"https:\/\/www.alquilatucasaencadiz.com\/en_gb\/wp-json\/wp\/v2\/types\/page"}],"author":[{"embeddable":true,"href":"https:\/\/www.alquilatucasaencadiz.com\/en_gb\/wp-json\/wp\/v2\/users\/1"}],"replies":[{"embeddable":true,"href":"https:\/\/www.alquilatucasaencadiz.com\/en_gb\/wp-json\/wp\/v2\/comments?post=747"}],"version-history":[{"count":21,"href":"https:\/\/www.alquilatucasaencadiz.com\/en_gb\/wp-json\/wp\/v2\/pages\/747\/revisions"}],"predecessor-version":[{"id":3571,"href":"https:\/\/www.alquilatucasaencadiz.com\/en_gb\/wp-json\/wp\/v2\/pages\/747\/revisions\/3571"}],"wp:attachment":[{"href":"https:\/\/www.alquilatucasaencadiz.com\/en_gb\/wp-json\/wp\/v2\/media?parent=747"}],"curies":[{"name":"wp","href":"https:\/\/api.w.org\/{rel}","templated":true}]}}