{"id":559,"date":"2024-03-12T21:58:07","date_gmt":"2024-03-12T21:58:07","guid":{"rendered":"https:\/\/www.alquilatucasaencadiz.com?page_id=559"},"modified":"2026-03-10T09:31:12","modified_gmt":"2026-03-10T09:31:12","slug":"inquilinos","status":"publish","type":"page","link":"https:\/\/www.alquilatucasaencadiz.com\/en_gb\/inquilinos\/","title":{"rendered":"Inquilinos"},"content":{"rendered":"<div data-elementor-type=\"wp-page\" data-elementor-id=\"559\" class=\"elementor elementor-559\" data-elementor-post-type=\"page\">\n\t\t\t\t\t\t<section class=\"elementor-section elementor-top-section elementor-element elementor-element-afe1c52 elementor-section-boxed elementor-section-height-default elementor-section-height-default\" data-id=\"afe1c52\" data-element_type=\"section\" data-settings=\"{&quot;background_background&quot;:&quot;classic&quot;}\">\n\t\t\t\t\t\t<div class=\"elementor-container elementor-column-gap-default\">\n\t\t\t\t\t<div class=\"elementor-column elementor-col-50 elementor-top-column elementor-element elementor-element-5565bb2\" data-id=\"5565bb2\" data-element_type=\"column\">\n\t\t\t<div class=\"elementor-widget-wrap elementor-element-populated\">\n\t\t\t\t\t\t<div class=\"elementor-element elementor-element-beaa552 elementor-widget elementor-widget-heading\" data-id=\"beaa552\" data-element_type=\"widget\" data-widget_type=\"heading.default\">\n\t\t\t\t<div class=\"elementor-widget-container\">\n\t\t\t\t\t<h2 class=\"elementor-heading-title elementor-size-default\">Selecci\u00f3n y gesti\u00f3n de inquilinos\n<br><\/h2>\t\t\t\t<\/div>\n\t\t\t\t<\/div>\n\t\t\t\t<div class=\"elementor-element elementor-element-83f01e6 elementor-widget elementor-widget-text-editor\" data-id=\"83f01e6\" data-element_type=\"widget\" data-widget_type=\"text-editor.default\">\n\t\t\t\t<div class=\"elementor-widget-container\">\n\t\t\t\t\t\t\t\t\t<p><strong>\u00bfQuieres delegar la b\u00fasqueda y selecci\u00f3n de inquilinos?<\/strong><\/p><p>M\u00e1s de 10 a\u00f1os de experiencia nos avalan. Garantizamos el mejor servicio de selecci\u00f3n y gesti\u00f3n de inquilinos posible a trav\u00e9s de una metodolog\u00eda probada que aporta transparencia, rigurosidad y seguridad al propietario.<\/p>\t\t\t\t\t\t\t\t<\/div>\n\t\t\t\t<\/div>\n\t\t\t\t\t<\/div>\n\t\t<\/div>\n\t\t\t\t<div class=\"elementor-column elementor-col-50 elementor-top-column elementor-element elementor-element-b38a589\" data-id=\"b38a589\" data-element_type=\"column\" data-settings=\"{&quot;animation&quot;:&quot;none&quot;}\">\n\t\t\t<div class=\"elementor-widget-wrap elementor-element-populated\">\n\t\t\t\t\t\t<div class=\"elementor-element elementor-element-e429785 elementor-absolute elementor-invisible elementor-widget elementor-widget-image\" data-id=\"e429785\" data-element_type=\"widget\" data-settings=\"{&quot;_position&quot;:&quot;absolute&quot;,&quot;_animation&quot;:&quot;fadeInRight&quot;,&quot;_animation_delay&quot;:500}\" data-widget_type=\"image.default\">\n\t\t\t\t<div class=\"elementor-widget-container\">\n\t\t\t\t\t\t\t\t\t\t\t\t\t\t\t<img fetchpriority=\"high\" decoding=\"async\" width=\"1380\" height=\"920\" src=\"https:\/\/www.alquilatucasaencadiz.com\/wp-content\/uploads\/2024\/03\/sonriente-joven-empresaria-empresaria-sacudiendose-mutuamente-tenian_23-2147857279.jpg\" class=\"attachment-full size-full wp-image-195\" alt=\"\" srcset=\"https:\/\/www.alquilatucasaencadiz.com\/wp-content\/uploads\/2024\/03\/sonriente-joven-empresaria-empresaria-sacudiendose-mutuamente-tenian_23-2147857279.jpg 1380w, https:\/\/www.alquilatucasaencadiz.com\/wp-content\/uploads\/2024\/03\/sonriente-joven-empresaria-empresaria-sacudiendose-mutuamente-tenian_23-2147857279-300x200.jpg 300w, https:\/\/www.alquilatucasaencadiz.com\/wp-content\/uploads\/2024\/03\/sonriente-joven-empresaria-empresaria-sacudiendose-mutuamente-tenian_23-2147857279-1024x683.jpg 1024w, https:\/\/www.alquilatucasaencadiz.com\/wp-content\/uploads\/2024\/03\/sonriente-joven-empresaria-empresaria-sacudiendose-mutuamente-tenian_23-2147857279-768x512.jpg 768w\" sizes=\"(max-width: 1380px) 100vw, 1380px\" \/>\t\t\t\t\t\t\t\t\t\t\t\t\t\t\t<\/div>\n\t\t\t\t<\/div>\n\t\t\t\t<div class=\"elementor-element elementor-element-bf2593d elementor-widget__width-initial elementor-absolute elementor-invisible elementor-widget elementor-widget-image\" data-id=\"bf2593d\" data-element_type=\"widget\" data-settings=\"{&quot;_position&quot;:&quot;absolute&quot;,&quot;_animation&quot;:&quot;fadeInUp&quot;,&quot;_animation_delay&quot;:300}\" data-widget_type=\"image.default\">\n\t\t\t\t<div class=\"elementor-widget-container\">\n\t\t\t\t\t\t\t\t\t\t\t\t\t\t\t<img decoding=\"async\" width=\"455\" height=\"826\" src=\"https:\/\/www.alquilatucasaencadiz.com\/wp-content\/uploads\/2024\/03\/02.jpg\" class=\"attachment-full size-full wp-image-60\" alt=\"\" srcset=\"https:\/\/www.alquilatucasaencadiz.com\/wp-content\/uploads\/2024\/03\/02.jpg 455w, https:\/\/www.alquilatucasaencadiz.com\/wp-content\/uploads\/2024\/03\/02-165x300.jpg 165w\" sizes=\"(max-width: 455px) 100vw, 455px\" \/>\t\t\t\t\t\t\t\t\t\t\t\t\t\t\t<\/div>\n\t\t\t\t<\/div>\n\t\t\t\t\t<\/div>\n\t\t<\/div>\n\t\t\t\t\t<\/div>\n\t\t<\/section>\n\t\t\t\t<section class=\"elementor-section elementor-top-section elementor-element elementor-element-25ceffb elementor-section-boxed elementor-section-height-default elementor-section-height-default\" data-id=\"25ceffb\" data-element_type=\"section\" data-settings=\"{&quot;background_background&quot;:&quot;classic&quot;}\">\n\t\t\t\t\t\t<div class=\"elementor-container elementor-column-gap-no\">\n\t\t\t\t\t<div class=\"elementor-column elementor-col-50 elementor-top-column elementor-element elementor-element-9e1f0f9\" data-id=\"9e1f0f9\" data-element_type=\"column\">\n\t\t\t<div class=\"elementor-widget-wrap elementor-element-populated\">\n\t\t\t\t\t\t<div class=\"elementor-element elementor-element-834fb67 elementor-widget elementor-widget-heading\" data-id=\"834fb67\" data-element_type=\"widget\" data-widget_type=\"heading.default\">\n\t\t\t\t<div class=\"elementor-widget-container\">\n\t\t\t\t\t<span class=\"elementor-heading-title elementor-size-default\">Metodolog\u00eda<\/span>\t\t\t\t<\/div>\n\t\t\t\t<\/div>\n\t\t\t\t<div class=\"elementor-element elementor-element-3417505 elementor-widget elementor-widget-heading\" data-id=\"3417505\" data-element_type=\"widget\" data-widget_type=\"heading.default\">\n\t\t\t\t<div class=\"elementor-widget-container\">\n\t\t\t\t\t<h2 class=\"elementor-heading-title elementor-size-default\">ATCEC<\/h2>\t\t\t\t<\/div>\n\t\t\t\t<\/div>\n\t\t\t\t<div class=\"elementor-element elementor-element-7f20cb9 elementor-widget elementor-widget-text-editor\" data-id=\"7f20cb9\" data-element_type=\"widget\" data-widget_type=\"text-editor.default\">\n\t\t\t\t<div class=\"elementor-widget-container\">\n\t\t\t\t\t\t\t\t\t<p>Utilizamos una metodolog\u00eda rigurosa y probada para seleccionar a los inquilinos adecuados para tu propiedad. Esto incluye una exhaustiva revisi\u00f3n de antecedentes, verificaci\u00f3n de referencias, entrevistas personales e informes detallados con informaci\u00f3n relevante. Nos aseguramos de que los inquilinos potenciales cumplan con todos los requisitos, y adem\u00e1s sean respetuosos y confiables.<\/p><p>\u00a0<\/p><p><strong>Tambi\u00e9n nos encargamos de realizar la gesti\u00f3n de los inquilinos una vez ya entran en la habitaci\u00f3n:<\/strong><\/p><p>\u2714\ufe0f\u00a0 Hacemos seguimiento de los inquilinos para comprobar que todo est\u00e1 bien y nos preocupamos de mantener una relaci\u00f3n amistosa con ellos.<\/p><p>\u2714\ufe0f\u00a0 Atendemos a posibles reparaciones que puedan surgir en el tiempo y les damos soporte.<\/p><p>\u2714\ufe0f\u00a0 Gestionamos la b\u00fasqueda e incorporaci\u00f3n del nuevo inquilino si alguno de ellos decide rescindir su contrato.<\/p><p>\u2714\ufe0f\u00a0 Por \u00faltimo y no menos importante, te mantenemos al tanto de cualquier novedad que pueda surgir, as\u00ed como proporcionarte seguimiento de c\u00f3mo van las cosas.<\/p>\t\t\t\t\t\t\t\t<\/div>\n\t\t\t\t<\/div>\n\t\t\t\t\t<\/div>\n\t\t<\/div>\n\t\t\t\t<div class=\"elementor-column elementor-col-50 elementor-top-column elementor-element elementor-element-0f511e8\" data-id=\"0f511e8\" data-element_type=\"column\">\n\t\t\t<div class=\"elementor-widget-wrap elementor-element-populated\">\n\t\t\t\t\t\t<div class=\"elementor-element elementor-element-84429c5 elementor-widget elementor-widget-heading\" data-id=\"84429c5\" data-element_type=\"widget\" data-widget_type=\"heading.default\">\n\t\t\t\t<div class=\"elementor-widget-container\">\n\t\t\t\t\t<span class=\"elementor-heading-title elementor-size-default\">Satisfacci\u00f3n garantizada<\/span>\t\t\t\t<\/div>\n\t\t\t\t<\/div>\n\t\t\t\t<div class=\"elementor-element elementor-element-b1c2b67 elementor-widget elementor-widget-heading\" data-id=\"b1c2b67\" data-element_type=\"widget\" data-widget_type=\"heading.default\">\n\t\t\t\t<div class=\"elementor-widget-container\">\n\t\t\t\t\t<h2 class=\"elementor-heading-title elementor-size-default\">El inquilino ideal<\/h2>\t\t\t\t<\/div>\n\t\t\t\t<\/div>\n\t\t\t\t<div class=\"elementor-element elementor-element-1d474e5 elementor-widget elementor-widget-text-editor\" data-id=\"1d474e5\" data-element_type=\"widget\" data-widget_type=\"text-editor.default\">\n\t\t\t\t<div class=\"elementor-widget-container\">\n\t\t\t\t\t\t\t\t\t<p><strong>Garantizamos el 100% de satisfacci\u00f3n en todos nuestros clientes.<\/strong><\/p><p>Delega este proceso en profesionales para buscar y seleccionar a los mejores inquilinos dependiendo de la modalidad de alquiler escogido, ya sea para una familia, una pareja o para estudiantes\/trabajadores, tanto por el alquiler tradicional (Ley de Arrendamientos Urbanos) como por habitaciones (C\u00f3digo Civil).<\/p><p>\u00a0<\/p><p><strong>M\u00e1s de 10 a\u00f1os de experiencia seleccionando personas nos avalan.<\/strong><\/p>\t\t\t\t\t\t\t\t<\/div>\n\t\t\t\t<\/div>\n\t\t\t\t\t<\/div>\n\t\t<\/div>\n\t\t\t\t\t<\/div>\n\t\t<\/section>\n\t\t\t\t<section class=\"elementor-section elementor-top-section elementor-element elementor-element-97a5ddb elementor-section-boxed elementor-section-height-default elementor-section-height-default\" data-id=\"97a5ddb\" data-element_type=\"section\" data-settings=\"{&quot;background_background&quot;:&quot;classic&quot;}\">\n\t\t\t\t\t\t<div class=\"elementor-container elementor-column-gap-no\">\n\t\t\t\t\t<div class=\"elementor-column elementor-col-100 elementor-top-column elementor-element elementor-element-37f8c5b\" data-id=\"37f8c5b\" data-element_type=\"column\">\n\t\t\t<div class=\"elementor-widget-wrap elementor-element-populated\">\n\t\t\t\t\t\t<div class=\"elementor-element elementor-element-e078b1a elementor-widget-laptop__width-initial elementor-widget elementor-widget-heading\" data-id=\"e078b1a\" data-element_type=\"widget\" data-widget_type=\"heading.default\">\n\t\t\t\t<div class=\"elementor-widget-container\">\n\t\t\t\t\t<span class=\"elementor-heading-title elementor-size-default\">Me interesa, \u00bfc\u00f3mo es el proceso?<\/span>\t\t\t\t<\/div>\n\t\t\t\t<\/div>\n\t\t\t\t<div class=\"elementor-element elementor-element-c7dcba2 elementor-widget elementor-widget-heading\" data-id=\"c7dcba2\" data-element_type=\"widget\" data-widget_type=\"heading.default\">\n\t\t\t\t<div class=\"elementor-widget-container\">\n\t\t\t\t\t<h2 class=\"elementor-heading-title elementor-size-default\">Siguientes pasos<\/h2>\t\t\t\t<\/div>\n\t\t\t\t<\/div>\n\t\t\t\t<div class=\"elementor-element elementor-element-fc08e1b elementor-widget elementor-widget-text-editor\" data-id=\"fc08e1b\" data-element_type=\"widget\" data-widget_type=\"text-editor.default\">\n\t\t\t\t<div class=\"elementor-widget-container\">\n\t\t\t\t\t\t\t\t\t<ul><li>Escr\u00edbenos para agendar una primera llamada para conocernos y contarnos tu caso.<\/li><li>Firmamos un acuerdo de colaboraci\u00f3n en el que se especifican todos los detalles.<\/li><li>Agendamos una nueva llamada para recabar informaci\u00f3n relevante sobre tus expectativas y futura b\u00fasqueda de inquilinos.<\/li><li>Adecuamos tu vivienda GRATIS en caso necesario: Mobiliario, pintura, etc.<\/li><li>Nos encargamos de realizar fotograf\u00edas profesionales de toda la vivienda.<\/li><li>Publicamos anuncio y aplicamos estrategias de marketing para atraer a los mejores inquilinos a tu vivienda.<\/li><li>Comenzamos a filtrar y a entrevistar perfiles.<\/li><li>En la primera semana te presentamos a los primeros candidatos en nuestro formato \u00fanico de informe.<\/li><li>A continuaci\u00f3n, opcionalmente podr\u00e1s hablar con los inquilinos seleccionados ya sea en persona o por internet.<\/li><li>Como propietario\/a seleccionas posteriormente al inquilino ideal y cerramos proceso.<\/li><li>Opcionalmente te gestionamos el contrato con el inquilino y te lo adaptamos para que no tengas que preocuparte de nada.\u00a0<\/li><\/ul>\t\t\t\t\t\t\t\t<\/div>\n\t\t\t\t<\/div>\n\t\t\t\t\t<\/div>\n\t\t<\/div>\n\t\t\t\t\t<\/div>\n\t\t<\/section>\n\t\t\t\t<section class=\"elementor-section elementor-top-section elementor-element elementor-element-7fc0e4a elementor-section-boxed elementor-section-height-default elementor-section-height-default\" data-id=\"7fc0e4a\" data-element_type=\"section\" data-settings=\"{&quot;background_background&quot;:&quot;classic&quot;}\">\n\t\t\t\t\t\t<div class=\"elementor-container elementor-column-gap-no\">\n\t\t\t\t\t<div class=\"elementor-column elementor-col-100 elementor-top-column elementor-element elementor-element-8309cd4\" data-id=\"8309cd4\" data-element_type=\"column\">\n\t\t\t<div class=\"elementor-widget-wrap elementor-element-populated\">\n\t\t\t\t\t\t<div class=\"elementor-element elementor-element-a464982 elementor-widget elementor-widget-text-editor\" data-id=\"a464982\" data-element_type=\"widget\" data-widget_type=\"text-editor.default\">\n\t\t\t\t<div class=\"elementor-widget-container\">\n\t\t\t\t\t\t\t\t\t<p>En AlquilaTuCasaEnC\u00e1diz, nos tomamos muy en serio la responsabilidad de encontrar inquilinos adecuados para tu propiedad. Nos esforzamos por garantizar tu tranquilidad y satisfacci\u00f3n en cada paso del proceso de selecci\u00f3n de inquilinos.<\/p>\t\t\t\t\t\t\t\t<\/div>\n\t\t\t\t<\/div>\n\t\t\t\t\t<\/div>\n\t\t<\/div>\n\t\t\t\t\t<\/div>\n\t\t<\/section>\n\t\t\t\t<section class=\"elementor-section elementor-top-section elementor-element elementor-element-8272d2b elementor-section-boxed elementor-section-height-default elementor-section-height-default\" data-id=\"8272d2b\" data-element_type=\"section\" data-settings=\"{&quot;background_background&quot;:&quot;classic&quot;}\">\n\t\t\t\t\t\t<div class=\"elementor-container elementor-column-gap-no\">\n\t\t\t\t\t<div class=\"elementor-column elementor-col-50 elementor-top-column elementor-element elementor-element-bd6afff\" data-id=\"bd6afff\" data-element_type=\"column\">\n\t\t\t<div class=\"elementor-widget-wrap elementor-element-populated\">\n\t\t\t\t\t\t<div class=\"elementor-element elementor-element-8d93826 elementor-widget elementor-widget-heading\" data-id=\"8d93826\" data-element_type=\"widget\" data-widget_type=\"heading.default\">\n\t\t\t\t<div class=\"elementor-widget-container\">\n\t\t\t\t\t<h2 class=\"elementor-heading-title elementor-size-default\">Write to us!<\/h2>\t\t\t\t<\/div>\n\t\t\t\t<\/div>\n\t\t\t\t<div class=\"elementor-element elementor-element-8ba5177 elementor-widget__width-initial elementor-icon-list--layout-traditional elementor-list-item-link-full_width elementor-widget elementor-widget-icon-list\" data-id=\"8ba5177\" data-element_type=\"widget\" data-widget_type=\"icon-list.default\">\n\t\t\t\t<div class=\"elementor-widget-container\">\n\t\t\t\t\t\t\t<ul class=\"elementor-icon-list-items\">\n\t\t\t\t\t\t\t<li class=\"elementor-icon-list-item\">\n\t\t\t\t\t\t\t\t\t\t\t<a href=\"mailto:alquilatucasaencadiz@gmail.com\" target=\"_blank\">\n\n\t\t\t\t\t\t\t\t\t\t\t\t<span class=\"elementor-icon-list-icon\">\n\t\t\t\t\t\t\t<i aria-hidden=\"true\" class=\"icon icon-email1\"><\/i>\t\t\t\t\t\t<\/span>\n\t\t\t\t\t\t\t\t\t\t<span class=\"elementor-icon-list-text\">alquilatucasaencadiz@gmail.com<\/span>\n\t\t\t\t\t\t\t\t\t\t\t<\/a>\n\t\t\t\t\t\t\t\t\t<\/li>\n\t\t\t\t\t\t<\/ul>\n\t\t\t\t\t\t<\/div>\n\t\t\t\t<\/div>\n\t\t\t\t<div class=\"elementor-element elementor-element-39b6707 elementor-widget elementor-widget-heading\" data-id=\"39b6707\" data-element_type=\"widget\" data-widget_type=\"heading.default\">\n\t\t\t\t<div class=\"elementor-widget-container\">\n\t\t\t\t\t<h2 class=\"elementor-heading-title elementor-size-default\">S\u00edguenos en Instagram<\/h2>\t\t\t\t<\/div>\n\t\t\t\t<\/div>\n\t\t\t\t<div class=\"elementor-element elementor-element-ebe8338 elementor-widget__width-initial elementor-widget elementor-widget-elementskit-social-media\" data-id=\"ebe8338\" data-element_type=\"widget\" data-widget_type=\"elementskit-social-media.default\">\n\t\t\t\t<div class=\"elementor-widget-container\">\n\t\t\t\t\t<div class=\"ekit-wid-con\" >\t\t\t <ul class=\"ekit_social_media\">\n\t\t\t\t\t\t\t\t\t\t\t\t\t\t<li class=\"elementor-repeater-item-c246b6c\">\n\t\t\t\t\t    <a href=\"https:\/\/www.instagram.com\/alquilatucasaencadiz\/\" aria-label=\"Instagram\" class=\"1\" target=\"_blank\" rel=\"noopener\">\n\t\t\t\t\t\t\t\n\t\t\t\t\t\t\t<i aria-hidden=\"true\" class=\"icon icon-instagram-1\"><\/i>\n                                                                                                            <\/a>\n                    <\/li>\n                    \t\t\t\t\t\t\t<\/ul>\n\t\t<\/div>\t\t\t\t<\/div>\n\t\t\t\t<\/div>\n\t\t\t\t<div class=\"elementor-element elementor-element-535c4cc elementor-widget elementor-widget-spacer\" data-id=\"535c4cc\" data-element_type=\"widget\" data-widget_type=\"spacer.default\">\n\t\t\t\t<div class=\"elementor-widget-container\">\n\t\t\t\t\t\t\t<div class=\"elementor-spacer\">\n\t\t\t<div class=\"elementor-spacer-inner\"><\/div>\n\t\t<\/div>\n\t\t\t\t\t\t<\/div>\n\t\t\t\t<\/div>\n\t\t\t\t<div class=\"elementor-element elementor-element-d0a3731 elementor-widget__width-initial elementor-widget-mobile__width-initial elementor-widget elementor-widget-text-editor\" data-id=\"d0a3731\" data-element_type=\"widget\" data-widget_type=\"text-editor.default\">\n\t\t\t\t<div class=\"elementor-widget-container\">\n\t\t\t\t\t\t\t\t\t<p><b>alquilatucasaencadiz<\/b><\/p>\t\t\t\t\t\t\t\t<\/div>\n\t\t\t\t<\/div>\n\t\t\t\t\t<\/div>\n\t\t<\/div>\n\t\t\t\t<div class=\"elementor-column elementor-col-50 elementor-top-column elementor-element elementor-element-26e964f\" data-id=\"26e964f\" data-element_type=\"column\">\n\t\t\t<div class=\"elementor-widget-wrap\">\n\t\t\t\t\t\t\t<\/div>\n\t\t<\/div>\n\t\t\t\t\t<\/div>\n\t\t<\/section>\n\t\t\t\t<\/div>","protected":false},"excerpt":{"rendered":"<p>Selecci\u00f3n y gesti\u00f3n de inquilinos \u00bfQuieres delegar la b\u00fasqueda y selecci\u00f3n de inquilinos? M\u00e1s de 10 a\u00f1os de experiencia nos avalan. Garantizamos el mejor servicio de selecci\u00f3n y gesti\u00f3n de inquilinos posible a trav\u00e9s de una metodolog\u00eda probada que aporta transparencia, rigurosidad y seguridad al propietario. Metodolog\u00eda ATCEC Utilizamos una metodolog\u00eda rigurosa y probada para [&hellip;]<\/p>\n","protected":false},"author":1,"featured_media":0,"parent":0,"menu_order":0,"comment_status":"closed","ping_status":"closed","template":"elementor_header_footer","meta":{"footnotes":""},"_links":{"self":[{"href":"https:\/\/www.alquilatucasaencadiz.com\/en_gb\/wp-json\/wp\/v2\/pages\/559"}],"collection":[{"href":"https:\/\/www.alquilatucasaencadiz.com\/en_gb\/wp-json\/wp\/v2\/pages"}],"about":[{"href":"https:\/\/www.alquilatucasaencadiz.com\/en_gb\/wp-json\/wp\/v2\/types\/page"}],"author":[{"embeddable":true,"href":"https:\/\/www.alquilatucasaencadiz.com\/en_gb\/wp-json\/wp\/v2\/users\/1"}],"replies":[{"embeddable":true,"href":"https:\/\/www.alquilatucasaencadiz.com\/en_gb\/wp-json\/wp\/v2\/comments?post=559"}],"version-history":[{"count":157,"href":"https:\/\/www.alquilatucasaencadiz.com\/en_gb\/wp-json\/wp\/v2\/pages\/559\/revisions"}],"predecessor-version":[{"id":3468,"href":"https:\/\/www.alquilatucasaencadiz.com\/en_gb\/wp-json\/wp\/v2\/pages\/559\/revisions\/3468"}],"wp:attachment":[{"href":"https:\/\/www.alquilatucasaencadiz.com\/en_gb\/wp-json\/wp\/v2\/media?parent=559"}],"curies":[{"name":"wp","href":"https:\/\/api.w.org\/{rel}","templated":true}]}}