{"id":1163,"date":"2024-03-21T16:36:34","date_gmt":"2024-03-21T16:36:34","guid":{"rendered":"https:\/\/www.alquilatucasaencadiz.com\/?page_id=1163"},"modified":"2024-09-06T13:52:18","modified_gmt":"2024-09-06T13:52:18","slug":"blog","status":"publish","type":"page","link":"https:\/\/www.alquilatucasaencadiz.com\/en_gb\/blog\/","title":{"rendered":"Blog"},"content":{"rendered":"\t\t<div data-elementor-type=\"wp-page\" data-elementor-id=\"1163\" class=\"elementor elementor-1163\" data-elementor-post-type=\"page\">\n\t\t\t\t\t\t<section class=\"elementor-section elementor-top-section elementor-element elementor-element-bb645c2 elementor-section-boxed elementor-section-height-default elementor-section-height-default\" data-id=\"bb645c2\" data-element_type=\"section\" data-settings=\"{&quot;background_background&quot;:&quot;classic&quot;}\">\n\t\t\t\t\t\t<div class=\"elementor-container elementor-column-gap-default\">\n\t\t\t\t\t<div class=\"elementor-column elementor-col-50 elementor-top-column elementor-element elementor-element-3258dfb\" data-id=\"3258dfb\" data-element_type=\"column\">\n\t\t\t<div class=\"elementor-widget-wrap elementor-element-populated\">\n\t\t\t\t\t\t<div class=\"elementor-element elementor-element-2e7a5d9 elementor-widget elementor-widget-heading\" data-id=\"2e7a5d9\" data-element_type=\"widget\" data-widget_type=\"heading.default\">\n\t\t\t\t<div class=\"elementor-widget-container\">\n\t\t\t\t\t<h2 class=\"elementor-heading-title elementor-size-default\">Blog<\/h2>\t\t\t\t<\/div>\n\t\t\t\t<\/div>\n\t\t\t\t<div class=\"elementor-element elementor-element-80e5f8f elementor-widget-laptop__width-initial elementor-widget elementor-widget-text-editor\" data-id=\"80e5f8f\" data-element_type=\"widget\" data-widget_type=\"text-editor.default\">\n\t\t\t\t<div class=\"elementor-widget-container\">\n\t\t\t\t\t\t\t\t\t<p><strong style=\"background-color: var( --e-global-color-16aff0e );\">\u00a0<\/strong><\/p><p><span style=\"background-color: var( --e-global-color-16aff0e );\"><b>\u00a1Bienvenido\/a a nuestro Blog!<\/b><\/span><\/p><p>En esta secci\u00f3n encontrar\u00e1s art\u00edculos informativos de actualidad, consejos \u00fatiles y noticias relevantes sobre el<span style=\"background-color: var( --e-global-color-16aff0e );\">\u00a0sector inmobiliario.<\/span><\/p>\t\t\t\t\t\t\t\t<\/div>\n\t\t\t\t<\/div>\n\t\t\t\t\t<\/div>\n\t\t<\/div>\n\t\t\t\t<div class=\"elementor-column elementor-col-50 elementor-top-column elementor-element elementor-element-c09226d\" data-id=\"c09226d\" data-element_type=\"column\" data-settings=\"{&quot;animation&quot;:&quot;none&quot;}\">\n\t\t\t<div class=\"elementor-widget-wrap elementor-element-populated\">\n\t\t\t\t\t\t<div class=\"elementor-element elementor-element-7cafce7 elementor-absolute elementor-hidden-mobile elementor-invisible elementor-widget elementor-widget-image\" data-id=\"7cafce7\" data-element_type=\"widget\" data-settings=\"{&quot;_position&quot;:&quot;absolute&quot;,&quot;_animation&quot;:&quot;fadeInRight&quot;,&quot;_animation_delay&quot;:500}\" data-widget_type=\"image.default\">\n\t\t\t\t<div class=\"elementor-widget-container\">\n\t\t\t\t\t\t\t\t\t\t\t\t\t\t\t<img fetchpriority=\"high\" decoding=\"async\" width=\"768\" height=\"512\" src=\"https:\/\/www.alquilatucasaencadiz.com\/wp-content\/uploads\/2024\/03\/team-of-innovators-2021-09-01-10-50-57-utc-768x512.jpg\" class=\"attachment-medium_large size-medium_large wp-image-225\" alt=\"\" srcset=\"https:\/\/www.alquilatucasaencadiz.com\/wp-content\/uploads\/2024\/03\/team-of-innovators-2021-09-01-10-50-57-utc-768x512.jpg 768w, https:\/\/www.alquilatucasaencadiz.com\/wp-content\/uploads\/2024\/03\/team-of-innovators-2021-09-01-10-50-57-utc-300x200.jpg 300w, https:\/\/www.alquilatucasaencadiz.com\/wp-content\/uploads\/2024\/03\/team-of-innovators-2021-09-01-10-50-57-utc-1024x683.jpg 1024w, https:\/\/www.alquilatucasaencadiz.com\/wp-content\/uploads\/2024\/03\/team-of-innovators-2021-09-01-10-50-57-utc.jpg 1440w\" sizes=\"(max-width: 768px) 100vw, 768px\" \/>\t\t\t\t\t\t\t\t\t\t\t\t\t\t\t<\/div>\n\t\t\t\t<\/div>\n\t\t\t\t<div class=\"elementor-element elementor-element-c48342f elementor-widget__width-initial elementor-absolute elementor-hidden-mobile elementor-invisible elementor-widget elementor-widget-image\" data-id=\"c48342f\" data-element_type=\"widget\" data-settings=\"{&quot;_position&quot;:&quot;absolute&quot;,&quot;_animation&quot;:&quot;fadeInUp&quot;,&quot;_animation_delay&quot;:300,&quot;motion_fx_motion_fx_scrolling&quot;:&quot;yes&quot;,&quot;motion_fx_translateX_effect&quot;:&quot;yes&quot;,&quot;motion_fx_translateX_speed&quot;:{&quot;unit&quot;:&quot;px&quot;,&quot;size&quot;:1.2,&quot;sizes&quot;:[]},&quot;motion_fx_translateX_affectedRange&quot;:{&quot;unit&quot;:&quot;%&quot;,&quot;size&quot;:&quot;&quot;,&quot;sizes&quot;:{&quot;start&quot;:0,&quot;end&quot;:100}},&quot;motion_fx_devices&quot;:[&quot;desktop&quot;,&quot;laptop&quot;,&quot;tablet&quot;,&quot;mobile&quot;]}\" data-widget_type=\"image.default\">\n\t\t\t\t<div class=\"elementor-widget-container\">\n\t\t\t\t\t\t\t\t\t\t\t\t\t\t\t<img decoding=\"async\" width=\"455\" height=\"826\" src=\"https:\/\/www.alquilatucasaencadiz.com\/wp-content\/uploads\/2024\/03\/01.jpg\" class=\"attachment-full size-full wp-image-59\" alt=\"\" srcset=\"https:\/\/www.alquilatucasaencadiz.com\/wp-content\/uploads\/2024\/03\/01.jpg 455w, https:\/\/www.alquilatucasaencadiz.com\/wp-content\/uploads\/2024\/03\/01-165x300.jpg 165w\" sizes=\"(max-width: 455px) 100vw, 455px\" \/>\t\t\t\t\t\t\t\t\t\t\t\t\t\t\t<\/div>\n\t\t\t\t<\/div>\n\t\t\t\t\t<\/div>\n\t\t<\/div>\n\t\t\t\t\t<\/div>\n\t\t<\/section>\n\t\t<div class=\"elementor-element elementor-element-f9b541f e-flex e-con-boxed e-con e-parent\" data-id=\"f9b541f\" data-element_type=\"container\" data-settings=\"{&quot;background_background&quot;:&quot;classic&quot;}\">\n\t\t\t\t\t<div class=\"e-con-inner\">\n\t\t\t\t<div class=\"elementor-element elementor-element-1f09b3b elementor-posts--align-left elementor-grid-3 elementor-grid-tablet-2 elementor-grid-mobile-1 elementor-posts--thumbnail-top elementor-posts--show-avatar elementor-card-shadow-yes elementor-posts__hover-gradient elementor-widget elementor-widget-posts\" data-id=\"1f09b3b\" data-element_type=\"widget\" data-settings=\"{&quot;cards_row_gap&quot;:{&quot;unit&quot;:&quot;px&quot;,&quot;size&quot;:30,&quot;sizes&quot;:[]},&quot;cards_columns&quot;:&quot;3&quot;,&quot;cards_columns_tablet&quot;:&quot;2&quot;,&quot;cards_columns_mobile&quot;:&quot;1&quot;,&quot;cards_row_gap_laptop&quot;:{&quot;unit&quot;:&quot;px&quot;,&quot;size&quot;:&quot;&quot;,&quot;sizes&quot;:[]},&quot;cards_row_gap_tablet&quot;:{&quot;unit&quot;:&quot;px&quot;,&quot;size&quot;:&quot;&quot;,&quot;sizes&quot;:[]},&quot;cards_row_gap_mobile&quot;:{&quot;unit&quot;:&quot;px&quot;,&quot;size&quot;:&quot;&quot;,&quot;sizes&quot;:[]}}\" data-widget_type=\"posts.cards\">\n\t\t\t\t<div class=\"elementor-widget-container\">\n\t\t\t\t\t\t\t<div class=\"elementor-posts-container elementor-posts elementor-posts--skin-cards elementor-grid\">\n\t\t\t\t<article class=\"elementor-post elementor-grid-item post-1171 post type-post status-publish format-standard has-post-thumbnail hentry category-alquiler-por-habitaciones\">\n\t\t\t<div class=\"elementor-post__card\">\n\t\t\t\t<a class=\"elementor-post__thumbnail__link\" href=\"https:\/\/www.alquilatucasaencadiz.com\/en_gb\/alquiler-por-habitaciones\/\" tabindex=\"-1\" ><div class=\"elementor-post__thumbnail\"><img decoding=\"async\" width=\"165\" height=\"300\" src=\"https:\/\/www.alquilatucasaencadiz.com\/wp-content\/uploads\/2024\/03\/01-165x300.jpg\" class=\"attachment-medium size-medium wp-image-59\" alt=\"\" srcset=\"https:\/\/www.alquilatucasaencadiz.com\/wp-content\/uploads\/2024\/03\/01-165x300.jpg 165w, https:\/\/www.alquilatucasaencadiz.com\/wp-content\/uploads\/2024\/03\/01.jpg 455w\" sizes=\"(max-width: 165px) 100vw, 165px\" \/><\/div><\/a>\n\t\t\t\t<div class=\"elementor-post__badge\">Alquiler por habitaciones<\/div>\n\t\t\t\t<div class=\"elementor-post__avatar\">\n\t\t\t<img alt='Edu' src='https:\/\/www.alquilatucasaencadiz.com\/wp-content\/plugins\/estatik\/public\/img\/avatar.svg' class='avatar avatar-128' width='128' height='128'\/>\t\t<\/div>\n\t\t\t\t<div class=\"elementor-post__text\">\n\t\t\t\t<h3 class=\"elementor-post__title\">\n\t\t\t<a href=\"https:\/\/www.alquilatucasaencadiz.com\/en_gb\/alquiler-por-habitaciones\/\" >\n\t\t\t\tBeneficios del alquiler por habitaciones para propietarios de vivienda en Espa\u00f1a\t\t\t<\/a>\n\t\t<\/h3>\n\t\t\t\t<div class=\"elementor-post__excerpt\">\n\t\t\t<p>El alquiler por habitaciones se est\u00e1 convirtiendo en una opci\u00f3n cada vez m\u00e1s popular para propietarios de vivienda en Espa\u00f1a. Este modelo de alquiler ofrece<\/p>\n\t\t<\/div>\n\t\t\n\t\t<a class=\"elementor-post__read-more\" href=\"https:\/\/www.alquilatucasaencadiz.com\/en_gb\/alquiler-por-habitaciones\/\" aria-label=\"Read more about Beneficios del alquiler por habitaciones para propietarios de vivienda en Espa\u00f1a\" tabindex=\"-1\" >\n\t\t\tLeer m\u00e1s \u00bb\t\t<\/a>\n\n\t\t\t\t<\/div>\n\t\t\t\t<div class=\"elementor-post__meta-data\">\n\t\t\t\t\t<span class=\"elementor-post-date\">\n\t\t\t21\/03\/2024\t\t<\/span>\n\t\t\t\t<span class=\"elementor-post-avatar\">\n\t\t\tNo Comments\t\t<\/span>\n\t\t\t\t<\/div>\n\t\t\t\t\t<\/div>\n\t\t<\/article>\n\t\t\t\t<article class=\"elementor-post elementor-grid-item post-1175 post type-post status-publish format-standard has-post-thumbnail hentry category-seleccion-de-inquilinos tag-inquilinos tag-seleccion\">\n\t\t\t<div class=\"elementor-post__card\">\n\t\t\t\t<a class=\"elementor-post__thumbnail__link\" href=\"https:\/\/www.alquilatucasaencadiz.com\/en_gb\/example2\/\" tabindex=\"-1\" ><div class=\"elementor-post__thumbnail\"><img loading=\"lazy\" decoding=\"async\" width=\"300\" height=\"200\" src=\"https:\/\/www.alquilatucasaencadiz.com\/wp-content\/uploads\/2024\/03\/Sin-titulo-6-300x200.jpg\" class=\"attachment-medium size-medium wp-image-176\" alt=\"\" srcset=\"https:\/\/www.alquilatucasaencadiz.com\/wp-content\/uploads\/2024\/03\/Sin-titulo-6-300x200.jpg 300w, https:\/\/www.alquilatucasaencadiz.com\/wp-content\/uploads\/2024\/03\/Sin-titulo-6-1024x683.jpg 1024w, https:\/\/www.alquilatucasaencadiz.com\/wp-content\/uploads\/2024\/03\/Sin-titulo-6-768x512.jpg 768w, https:\/\/www.alquilatucasaencadiz.com\/wp-content\/uploads\/2024\/03\/Sin-titulo-6.jpg 1380w\" sizes=\"(max-width: 300px) 100vw, 300px\" \/><\/div><\/a>\n\t\t\t\t<div class=\"elementor-post__badge\">Selecci\u00f3n de inquilinos<\/div>\n\t\t\t\t<div class=\"elementor-post__avatar\">\n\t\t\t<img alt='Edu' src='https:\/\/www.alquilatucasaencadiz.com\/wp-content\/plugins\/estatik\/public\/img\/avatar.svg' class='avatar avatar-128' width='128' height='128'\/>\t\t<\/div>\n\t\t\t\t<div class=\"elementor-post__text\">\n\t\t\t\t<h3 class=\"elementor-post__title\">\n\t\t\t<a href=\"https:\/\/www.alquilatucasaencadiz.com\/en_gb\/example2\/\" >\n\t\t\t\tLa importancia de una buena selecci\u00f3n de inquilinos\t\t\t<\/a>\n\t\t<\/h3>\n\t\t\t\t<div class=\"elementor-post__excerpt\">\n\t\t\t<p>Alquilar una casa puede ser una excelente forma de generar ingresos pasivos, pero tambi\u00e9n puede convertirse en una fuente de problemas si no se realiza<\/p>\n\t\t<\/div>\n\t\t\n\t\t<a class=\"elementor-post__read-more\" href=\"https:\/\/www.alquilatucasaencadiz.com\/en_gb\/example2\/\" aria-label=\"Read more about La importancia de una buena selecci\u00f3n de inquilinos\" tabindex=\"-1\" >\n\t\t\tLeer m\u00e1s \u00bb\t\t<\/a>\n\n\t\t\t\t<\/div>\n\t\t\t\t<div class=\"elementor-post__meta-data\">\n\t\t\t\t\t<span class=\"elementor-post-date\">\n\t\t\t21\/03\/2024\t\t<\/span>\n\t\t\t\t<span class=\"elementor-post-avatar\">\n\t\t\tNo Comments\t\t<\/span>\n\t\t\t\t<\/div>\n\t\t\t\t\t<\/div>\n\t\t<\/article>\n\t\t\t\t<article class=\"elementor-post elementor-grid-item post-1177 post type-post status-publish format-standard has-post-thumbnail hentry category-inversion tag-inversion\">\n\t\t\t<div class=\"elementor-post__card\">\n\t\t\t\t<a class=\"elementor-post__thumbnail__link\" href=\"https:\/\/www.alquilatucasaencadiz.com\/en_gb\/example3\/\" tabindex=\"-1\" ><div class=\"elementor-post__thumbnail\"><img loading=\"lazy\" decoding=\"async\" width=\"300\" height=\"200\" src=\"https:\/\/www.alquilatucasaencadiz.com\/wp-content\/uploads\/2024\/03\/team-of-innovators-2021-09-01-10-50-57-utc-300x200.jpg\" class=\"attachment-medium size-medium wp-image-225\" alt=\"\" srcset=\"https:\/\/www.alquilatucasaencadiz.com\/wp-content\/uploads\/2024\/03\/team-of-innovators-2021-09-01-10-50-57-utc-300x200.jpg 300w, https:\/\/www.alquilatucasaencadiz.com\/wp-content\/uploads\/2024\/03\/team-of-innovators-2021-09-01-10-50-57-utc-1024x683.jpg 1024w, https:\/\/www.alquilatucasaencadiz.com\/wp-content\/uploads\/2024\/03\/team-of-innovators-2021-09-01-10-50-57-utc-768x512.jpg 768w, https:\/\/www.alquilatucasaencadiz.com\/wp-content\/uploads\/2024\/03\/team-of-innovators-2021-09-01-10-50-57-utc.jpg 1440w\" sizes=\"(max-width: 300px) 100vw, 300px\" \/><\/div><\/a>\n\t\t\t\t<div class=\"elementor-post__badge\">Inversi\u00f3n<\/div>\n\t\t\t\t<div class=\"elementor-post__avatar\">\n\t\t\t<img alt='Edu' src='https:\/\/www.alquilatucasaencadiz.com\/wp-content\/plugins\/estatik\/public\/img\/avatar.svg' class='avatar avatar-128' width='128' height='128'\/>\t\t<\/div>\n\t\t\t\t<div class=\"elementor-post__text\">\n\t\t\t\t<h3 class=\"elementor-post__title\">\n\t\t\t<a href=\"https:\/\/www.alquilatucasaencadiz.com\/en_gb\/example3\/\" >\n\t\t\t\tLos beneficios de invertir en propiedades\t\t\t<\/a>\n\t\t<\/h3>\n\t\t\t\t<div class=\"elementor-post__excerpt\">\n\t\t\t<p>La inversi\u00f3n en propiedades ha sido durante mucho tiempo una de las formas m\u00e1s seguras y rentables de generar riqueza. Desde la compra de una<\/p>\n\t\t<\/div>\n\t\t\n\t\t<a class=\"elementor-post__read-more\" href=\"https:\/\/www.alquilatucasaencadiz.com\/en_gb\/example3\/\" aria-label=\"Read more about Los beneficios de invertir en propiedades\" tabindex=\"-1\" >\n\t\t\tLeer m\u00e1s \u00bb\t\t<\/a>\n\n\t\t\t\t<\/div>\n\t\t\t\t<div class=\"elementor-post__meta-data\">\n\t\t\t\t\t<span class=\"elementor-post-date\">\n\t\t\t21\/03\/2024\t\t<\/span>\n\t\t\t\t<span class=\"elementor-post-avatar\">\n\t\t\tNo Comments\t\t<\/span>\n\t\t\t\t<\/div>\n\t\t\t\t\t<\/div>\n\t\t<\/article>\n\t\t\t\t<\/div>\n\t\t\n\t\t\t\t\t\t<\/div>\n\t\t\t\t<\/div>\n\t\t\t\t\t<\/div>\n\t\t\t\t<\/div>\n\t\t\t\t<\/div>\n\t\t","protected":false},"excerpt":{"rendered":"<p>Blog \u00a0 \u00a1Bienvenido\/a a nuestro Blog! En esta secci\u00f3n encontrar\u00e1s art\u00edculos informativos de actualidad, consejos \u00fatiles y noticias relevantes sobre el\u00a0sector inmobiliario.<\/p>","protected":false},"author":1,"featured_media":0,"parent":0,"menu_order":0,"comment_status":"closed","ping_status":"closed","template":"elementor_header_footer","meta":{"footnotes":""},"_links":{"self":[{"href":"https:\/\/www.alquilatucasaencadiz.com\/en_gb\/wp-json\/wp\/v2\/pages\/1163"}],"collection":[{"href":"https:\/\/www.alquilatucasaencadiz.com\/en_gb\/wp-json\/wp\/v2\/pages"}],"about":[{"href":"https:\/\/www.alquilatucasaencadiz.com\/en_gb\/wp-json\/wp\/v2\/types\/page"}],"author":[{"embeddable":true,"href":"https:\/\/www.alquilatucasaencadiz.com\/en_gb\/wp-json\/wp\/v2\/users\/1"}],"replies":[{"embeddable":true,"href":"https:\/\/www.alquilatucasaencadiz.com\/en_gb\/wp-json\/wp\/v2\/comments?post=1163"}],"version-history":[{"count":67,"href":"https:\/\/www.alquilatucasaencadiz.com\/en_gb\/wp-json\/wp\/v2\/pages\/1163\/revisions"}],"predecessor-version":[{"id":3372,"href":"https:\/\/www.alquilatucasaencadiz.com\/en_gb\/wp-json\/wp\/v2\/pages\/1163\/revisions\/3372"}],"wp:attachment":[{"href":"https:\/\/www.alquilatucasaencadiz.com\/en_gb\/wp-json\/wp\/v2\/media?parent=1163"}],"curies":[{"name":"wp","href":"https:\/\/api.w.org\/{rel}","templated":true}]}}