{"id":1065,"date":"2024-03-21T15:48:22","date_gmt":"2024-03-21T15:48:22","guid":{"rendered":"https:\/\/www.alquilatucasaencadiz.com\/?page_id=1065"},"modified":"2026-03-10T09:31:54","modified_gmt":"2026-03-10T09:31:54","slug":"invierte","status":"publish","type":"page","link":"https:\/\/www.alquilatucasaencadiz.com\/en_gb\/invierte\/","title":{"rendered":"Invest"},"content":{"rendered":"<div data-elementor-type=\"wp-page\" data-elementor-id=\"1065\" class=\"elementor elementor-1065\" data-elementor-post-type=\"page\">\n\t\t\t\t\t\t<section class=\"elementor-section elementor-top-section elementor-element elementor-element-afe1c52 elementor-section-boxed elementor-section-height-default elementor-section-height-default\" data-id=\"afe1c52\" data-element_type=\"section\" data-settings=\"{&quot;background_background&quot;:&quot;classic&quot;}\">\n\t\t\t\t\t\t<div class=\"elementor-container elementor-column-gap-default\">\n\t\t\t\t\t<div class=\"elementor-column elementor-col-50 elementor-top-column elementor-element elementor-element-5565bb2\" data-id=\"5565bb2\" data-element_type=\"column\">\n\t\t\t<div class=\"elementor-widget-wrap elementor-element-populated\">\n\t\t\t\t\t\t<div class=\"elementor-element elementor-element-775063c elementor-widget elementor-widget-heading\" data-id=\"775063c\" data-element_type=\"widget\" data-widget_type=\"heading.default\">\n\t\t\t\t<div class=\"elementor-widget-container\">\n\t\t\t\t\t<h2 class=\"elementor-heading-title elementor-size-default\">Invierte en propiedades <br>con seguridad y confianza<\/h2>\t\t\t\t<\/div>\n\t\t\t\t<\/div>\n\t\t\t\t<div class=\"elementor-element elementor-element-83f01e6 elementor-widget elementor-widget-text-editor\" data-id=\"83f01e6\" data-element_type=\"widget\" data-widget_type=\"text-editor.default\">\n\t\t\t\t<div class=\"elementor-widget-container\">\n\t\t\t\t\t\t\t\t\t<p><strong>\u00bfTienes un dinero ahorrado parado en el banco? \u00bfEres inversor\/a o est\u00e1s meditando invertir en viviendas para rentabilizarlas?<\/strong><\/p>\n<p>Te ofrecemos la oportunidad de invertir en propiedades con total seguridad y transparencia. Con nuestra experiencia y conocimientos en el mercado inmobiliario, te brindamos acceso a oportunidades de inversi\u00f3n con altas rentabilidades, mucho mayores a las que podr\u00edas obtener con un banco.<\/p>\n<ul>\n<li><strong><span style=\"text-decoration: underline;\">Con tu banco<\/span>:<\/strong> Por lo general, entre un 0% y un 4%, incluso algunos te cobran por el mantenimiento <strong><img decoding=\"async\" draggable=\"false\" role=\"img\" class=\"emoji\" alt=\"\ud83d\ude20\" src=\"https:\/\/s.w.org\/images\/core\/emoji\/14.0.0\/svg\/1f620.svg\"><\/strong><\/li>\n<li><strong><span style=\"text-decoration: underline;\">Invirtiendo en propiedades<\/span><\/strong> (Comprando, Adecuando y Alquilando)<strong>:<\/strong> Entre un 7% y hasta m\u00e1s del 10% <strong><img decoding=\"async\" draggable=\"false\" role=\"img\" class=\"emoji\" alt=\"\ud83d\ude03\" src=\"https:\/\/s.w.org\/images\/core\/emoji\/14.0.0\/svg\/1f603.svg\"><\/strong><\/li>\n<\/ul>\t\t\t\t\t\t\t\t<\/div>\n\t\t\t\t<\/div>\n\t\t\t\t\t<\/div>\n\t\t<\/div>\n\t\t\t\t<div class=\"elementor-column elementor-col-50 elementor-top-column elementor-element elementor-element-b38a589\" data-id=\"b38a589\" data-element_type=\"column\" data-settings=\"{&quot;animation&quot;:&quot;none&quot;}\">\n\t\t\t<div class=\"elementor-widget-wrap elementor-element-populated\">\n\t\t\t\t\t\t<div class=\"elementor-element elementor-element-e429785 elementor-absolute elementor-invisible elementor-widget elementor-widget-image\" data-id=\"e429785\" data-element_type=\"widget\" data-settings=\"{&quot;_position&quot;:&quot;absolute&quot;,&quot;_animation&quot;:&quot;fadeInRight&quot;,&quot;_animation_delay&quot;:500}\" data-widget_type=\"image.default\">\n\t\t\t\t<div class=\"elementor-widget-container\">\n\t\t\t\t\t\t\t\t\t\t\t\t\t\t\t<img fetchpriority=\"high\" decoding=\"async\" width=\"1440\" height=\"960\" src=\"https:\/\/www.alquilatucasaencadiz.com\/wp-content\/uploads\/2024\/03\/team-of-innovators-2021-09-01-10-50-57-utc.jpg\" class=\"attachment-full size-full wp-image-225\" alt=\"\" srcset=\"https:\/\/www.alquilatucasaencadiz.com\/wp-content\/uploads\/2024\/03\/team-of-innovators-2021-09-01-10-50-57-utc.jpg 1440w, https:\/\/www.alquilatucasaencadiz.com\/wp-content\/uploads\/2024\/03\/team-of-innovators-2021-09-01-10-50-57-utc-300x200.jpg 300w, https:\/\/www.alquilatucasaencadiz.com\/wp-content\/uploads\/2024\/03\/team-of-innovators-2021-09-01-10-50-57-utc-1024x683.jpg 1024w, https:\/\/www.alquilatucasaencadiz.com\/wp-content\/uploads\/2024\/03\/team-of-innovators-2021-09-01-10-50-57-utc-768x512.jpg 768w\" sizes=\"(max-width: 1440px) 100vw, 1440px\" \/>\t\t\t\t\t\t\t\t\t\t\t\t\t\t\t<\/div>\n\t\t\t\t<\/div>\n\t\t\t\t<div class=\"elementor-element elementor-element-bf2593d elementor-widget__width-initial elementor-absolute elementor-invisible elementor-widget elementor-widget-image\" data-id=\"bf2593d\" data-element_type=\"widget\" data-settings=\"{&quot;_position&quot;:&quot;absolute&quot;,&quot;_animation&quot;:&quot;fadeInUp&quot;,&quot;_animation_delay&quot;:300}\" data-widget_type=\"image.default\">\n\t\t\t\t<div class=\"elementor-widget-container\">\n\t\t\t\t\t\t\t\t\t\t\t\t\t\t\t<img decoding=\"async\" width=\"455\" height=\"826\" src=\"https:\/\/www.alquilatucasaencadiz.com\/wp-content\/uploads\/2024\/03\/02.jpg\" class=\"attachment-full size-full wp-image-60\" alt=\"\" srcset=\"https:\/\/www.alquilatucasaencadiz.com\/wp-content\/uploads\/2024\/03\/02.jpg 455w, https:\/\/www.alquilatucasaencadiz.com\/wp-content\/uploads\/2024\/03\/02-165x300.jpg 165w\" sizes=\"(max-width: 455px) 100vw, 455px\" \/>\t\t\t\t\t\t\t\t\t\t\t\t\t\t\t<\/div>\n\t\t\t\t<\/div>\n\t\t\t\t\t<\/div>\n\t\t<\/div>\n\t\t\t\t\t<\/div>\n\t\t<\/section>\n\t\t\t\t<section class=\"elementor-section elementor-top-section elementor-element elementor-element-25ceffb elementor-section-boxed elementor-section-height-default elementor-section-height-default\" data-id=\"25ceffb\" data-element_type=\"section\" data-settings=\"{&quot;background_background&quot;:&quot;classic&quot;}\">\n\t\t\t\t\t\t<div class=\"elementor-container elementor-column-gap-no\">\n\t\t\t\t\t<div class=\"elementor-column elementor-col-50 elementor-top-column elementor-element elementor-element-2226480\" data-id=\"2226480\" data-element_type=\"column\">\n\t\t\t<div class=\"elementor-widget-wrap elementor-element-populated\">\n\t\t\t\t\t\t<div class=\"elementor-element elementor-element-61ea852 elementor-widget elementor-widget-heading\" data-id=\"61ea852\" data-element_type=\"widget\" data-widget_type=\"heading.default\">\n\t\t\t\t<div class=\"elementor-widget-container\">\n\t\t\t\t\t<span class=\"elementor-heading-title elementor-size-default\">Especializados en la provincia de C\u00e1diz<\/span>\t\t\t\t<\/div>\n\t\t\t\t<\/div>\n\t\t\t\t<div class=\"elementor-element elementor-element-4870a01 elementor-widget elementor-widget-heading\" data-id=\"4870a01\" data-element_type=\"widget\" data-widget_type=\"heading.default\">\n\t\t\t\t<div class=\"elementor-widget-container\">\n\t\t\t\t\t<h2 class=\"elementor-heading-title elementor-size-default\">\u00bfPor qu\u00e9 invertir con nosotros?<\/h2>\t\t\t\t<\/div>\n\t\t\t\t<\/div>\n\t\t\t\t<div class=\"elementor-element elementor-element-0237145 elementor-widget elementor-widget-text-editor\" data-id=\"0237145\" data-element_type=\"widget\" data-widget_type=\"text-editor.default\">\n\t\t\t\t<div class=\"elementor-widget-container\">\n\t\t\t\t\t\t\t\t\t<p><strong>Somos especialistas en la provincia de C\u00e1diz.<\/strong><\/p><p>Analizamos minuciosamente cada oportunidad de inversi\u00f3n para garantizar que cumpla con las exigencias de cada cliente en t\u00e9rminos de rentabilidad.<\/p><p>Adem\u00e1s, ofrecemos un <strong>soporte personalizado en cada etapa del proceso de inversi\u00f3n<\/strong>, brind\u00e1ndote la <strong>transparencia y seguridad<\/strong> que necesitas para invertir con tranquilidad.<\/p>\t\t\t\t\t\t\t\t<\/div>\n\t\t\t\t<\/div>\n\t\t\t\t\t<\/div>\n\t\t<\/div>\n\t\t\t\t<div class=\"elementor-column elementor-col-50 elementor-top-column elementor-element elementor-element-9e1f0f9\" data-id=\"9e1f0f9\" data-element_type=\"column\">\n\t\t\t<div class=\"elementor-widget-wrap elementor-element-populated\">\n\t\t\t\t\t\t<div class=\"elementor-element elementor-element-834fb67 elementor-widget elementor-widget-heading\" data-id=\"834fb67\" data-element_type=\"widget\" data-widget_type=\"heading.default\">\n\t\t\t\t<div class=\"elementor-widget-container\">\n\t\t\t\t\t<span class=\"elementor-heading-title elementor-size-default\">Inversi\u00f3n segura con altas rentabilidades<\/span>\t\t\t\t<\/div>\n\t\t\t\t<\/div>\n\t\t\t\t<div class=\"elementor-element elementor-element-3417505 elementor-widget elementor-widget-heading\" data-id=\"3417505\" data-element_type=\"widget\" data-widget_type=\"heading.default\">\n\t\t\t\t<div class=\"elementor-widget-container\">\n\t\t\t\t\t<h2 class=\"elementor-heading-title elementor-size-default\">Beneficios de invertir en pisos<\/h2>\t\t\t\t<\/div>\n\t\t\t\t<\/div>\n\t\t\t\t<div class=\"elementor-element elementor-element-7f20cb9 elementor-widget elementor-widget-text-editor\" data-id=\"7f20cb9\" data-element_type=\"widget\" data-widget_type=\"text-editor.default\">\n\t\t\t\t<div class=\"elementor-widget-container\">\n\t\t\t\t\t\t\t\t\t<p>Invertir en propiedades ofrece una serie de beneficios, incluida la <strong>generaci\u00f3n de ingresos pasivos<\/strong> a trav\u00e9s del alquiler, la <strong>revalorizaci\u00f3n del activo<\/strong> a lo largo del tiempo, y la <strong>diversificaci\u00f3n<\/strong> de tu cartera de inversiones.<\/p><p>En AlquilaTuCasaEnC\u00e1diz, te ayudamos a aprovechar al m\u00e1ximo estas oportunidades de inversi\u00f3n, gui\u00e1ndote hacia propiedades que se adapten a tus objetivos financieros.<\/p>\t\t\t\t\t\t\t\t<\/div>\n\t\t\t\t<\/div>\n\t\t\t\t\t<\/div>\n\t\t<\/div>\n\t\t\t\t\t<\/div>\n\t\t<\/section>\n\t\t\t\t<section class=\"elementor-section elementor-top-section elementor-element elementor-element-7fc0e4a elementor-section-boxed elementor-section-height-default elementor-section-height-default\" data-id=\"7fc0e4a\" data-element_type=\"section\" data-settings=\"{&quot;background_background&quot;:&quot;classic&quot;}\">\n\t\t\t\t\t\t<div class=\"elementor-container elementor-column-gap-no\">\n\t\t\t\t\t<div class=\"elementor-column elementor-col-100 elementor-top-column elementor-element elementor-element-8309cd4\" data-id=\"8309cd4\" data-element_type=\"column\">\n\t\t\t<div class=\"elementor-widget-wrap elementor-element-populated\">\n\t\t\t\t\t\t<div class=\"elementor-element elementor-element-a464982 elementor-widget elementor-widget-text-editor\" data-id=\"a464982\" data-element_type=\"widget\" data-widget_type=\"text-editor.default\">\n\t\t\t\t<div class=\"elementor-widget-container\">\n\t\t\t\t\t\t\t\t\t<p><strong>Delega en nosotros el proceso de inversi\u00f3n de principio a fin.<\/strong><\/p><p>Te ayudamos a conseguir propiedades asequibles para obtener a posteriori una rentabilidad alta con el alquiler de habitaciones.<\/p><p><strong>\u00a1Cont\u00e1ctanos sin compromiso!<\/strong><\/p>\t\t\t\t\t\t\t\t<\/div>\n\t\t\t\t<\/div>\n\t\t\t\t\t<\/div>\n\t\t<\/div>\n\t\t\t\t\t<\/div>\n\t\t<\/section>\n\t\t\t\t<section class=\"elementor-section elementor-top-section elementor-element elementor-element-b14fd21 elementor-section-boxed elementor-section-height-default elementor-section-height-default elementor-invisible\" data-id=\"b14fd21\" data-element_type=\"section\" data-settings=\"{&quot;animation&quot;:&quot;fadeInUp&quot;,&quot;background_background&quot;:&quot;classic&quot;}\">\n\t\t\t\t\t\t<div class=\"elementor-container elementor-column-gap-no\">\n\t\t\t\t\t<div class=\"elementor-column elementor-col-50 elementor-top-column elementor-element elementor-element-8d891a9\" data-id=\"8d891a9\" data-element_type=\"column\">\n\t\t\t<div class=\"elementor-widget-wrap elementor-element-populated\">\n\t\t\t\t\t\t<div class=\"elementor-element elementor-element-8b24c1c gallery-spacing-custom elementor-widget elementor-widget-image-gallery\" data-id=\"8b24c1c\" data-element_type=\"widget\" data-widget_type=\"image-gallery.default\">\n\t\t\t\t<div class=\"elementor-widget-container\">\n\t\t\t\t\t\t\t<div class=\"elementor-image-gallery\">\n\t\t\t<div id='gallery-1' class='gallery galleryid-1065 gallery-columns-2 gallery-size-full'><figure class='gallery-item'>\n\t\t\t<div class='gallery-icon landscape'>\n\t\t\t\t<img decoding=\"async\" width=\"1680\" height=\"1120\" src=\"https:\/\/www.alquilatucasaencadiz.com\/wp-content\/uploads\/2024\/03\/rowan-heuvel-bjej8BY1JYQ-unsplash.jpg\" class=\"attachment-full size-full\" alt=\"\" srcset=\"https:\/\/www.alquilatucasaencadiz.com\/wp-content\/uploads\/2024\/03\/rowan-heuvel-bjej8BY1JYQ-unsplash.jpg 1680w, https:\/\/www.alquilatucasaencadiz.com\/wp-content\/uploads\/2024\/03\/rowan-heuvel-bjej8BY1JYQ-unsplash-300x200.jpg 300w, https:\/\/www.alquilatucasaencadiz.com\/wp-content\/uploads\/2024\/03\/rowan-heuvel-bjej8BY1JYQ-unsplash-1024x683.jpg 1024w, https:\/\/www.alquilatucasaencadiz.com\/wp-content\/uploads\/2024\/03\/rowan-heuvel-bjej8BY1JYQ-unsplash-768x512.jpg 768w, https:\/\/www.alquilatucasaencadiz.com\/wp-content\/uploads\/2024\/03\/rowan-heuvel-bjej8BY1JYQ-unsplash-1536x1024.jpg 1536w\" sizes=\"(max-width: 1680px) 100vw, 1680px\" \/>\n\t\t\t<\/div><\/figure><figure class='gallery-item'>\n\t\t\t<div class='gallery-icon landscape'>\n\t\t\t\t<img loading=\"lazy\" decoding=\"async\" width=\"1680\" height=\"1120\" src=\"https:\/\/www.alquilatucasaencadiz.com\/wp-content\/uploads\/2024\/03\/r-architecture-wJAOeXvxudM-unsplash.jpg\" class=\"attachment-full size-full\" alt=\"\" srcset=\"https:\/\/www.alquilatucasaencadiz.com\/wp-content\/uploads\/2024\/03\/r-architecture-wJAOeXvxudM-unsplash.jpg 1680w, https:\/\/www.alquilatucasaencadiz.com\/wp-content\/uploads\/2024\/03\/r-architecture-wJAOeXvxudM-unsplash-300x200.jpg 300w, https:\/\/www.alquilatucasaencadiz.com\/wp-content\/uploads\/2024\/03\/r-architecture-wJAOeXvxudM-unsplash-1024x683.jpg 1024w, https:\/\/www.alquilatucasaencadiz.com\/wp-content\/uploads\/2024\/03\/r-architecture-wJAOeXvxudM-unsplash-768x512.jpg 768w, https:\/\/www.alquilatucasaencadiz.com\/wp-content\/uploads\/2024\/03\/r-architecture-wJAOeXvxudM-unsplash-1536x1024.jpg 1536w\" sizes=\"(max-width: 1680px) 100vw, 1680px\" \/>\n\t\t\t<\/div><\/figure><figure class='gallery-item'>\n\t\t\t<div class='gallery-icon landscape'>\n\t\t\t\t<img loading=\"lazy\" decoding=\"async\" width=\"1680\" height=\"1120\" src=\"https:\/\/www.alquilatucasaencadiz.com\/wp-content\/uploads\/2024\/03\/r-architecture-0tKCSyLXqQM-unsplash.jpg\" class=\"attachment-full size-full\" alt=\"\" srcset=\"https:\/\/www.alquilatucasaencadiz.com\/wp-content\/uploads\/2024\/03\/r-architecture-0tKCSyLXqQM-unsplash.jpg 1680w, https:\/\/www.alquilatucasaencadiz.com\/wp-content\/uploads\/2024\/03\/r-architecture-0tKCSyLXqQM-unsplash-300x200.jpg 300w, https:\/\/www.alquilatucasaencadiz.com\/wp-content\/uploads\/2024\/03\/r-architecture-0tKCSyLXqQM-unsplash-1024x683.jpg 1024w, https:\/\/www.alquilatucasaencadiz.com\/wp-content\/uploads\/2024\/03\/r-architecture-0tKCSyLXqQM-unsplash-768x512.jpg 768w, https:\/\/www.alquilatucasaencadiz.com\/wp-content\/uploads\/2024\/03\/r-architecture-0tKCSyLXqQM-unsplash-1536x1024.jpg 1536w\" sizes=\"(max-width: 1680px) 100vw, 1680px\" \/>\n\t\t\t<\/div><\/figure><figure class='gallery-item'>\n\t\t\t<div class='gallery-icon landscape'>\n\t\t\t\t<img loading=\"lazy\" decoding=\"async\" width=\"1680\" height=\"1120\" src=\"https:\/\/www.alquilatucasaencadiz.com\/wp-content\/uploads\/2024\/03\/r-architecture-2gDwlIim3Uw-unsplash.jpg\" class=\"attachment-full size-full\" alt=\"\" srcset=\"https:\/\/www.alquilatucasaencadiz.com\/wp-content\/uploads\/2024\/03\/r-architecture-2gDwlIim3Uw-unsplash.jpg 1680w, https:\/\/www.alquilatucasaencadiz.com\/wp-content\/uploads\/2024\/03\/r-architecture-2gDwlIim3Uw-unsplash-300x200.jpg 300w, https:\/\/www.alquilatucasaencadiz.com\/wp-content\/uploads\/2024\/03\/r-architecture-2gDwlIim3Uw-unsplash-1024x683.jpg 1024w, https:\/\/www.alquilatucasaencadiz.com\/wp-content\/uploads\/2024\/03\/r-architecture-2gDwlIim3Uw-unsplash-768x512.jpg 768w, https:\/\/www.alquilatucasaencadiz.com\/wp-content\/uploads\/2024\/03\/r-architecture-2gDwlIim3Uw-unsplash-1536x1024.jpg 1536w\" sizes=\"(max-width: 1680px) 100vw, 1680px\" \/>\n\t\t\t<\/div><\/figure>\n\t\t<\/div>\n\t\t<\/div>\n\t\t\t\t\t\t<\/div>\n\t\t\t\t<\/div>\n\t\t\t\t<div class=\"elementor-element elementor-element-655c986 elementor-widget elementor-widget-spacer\" data-id=\"655c986\" data-element_type=\"widget\" data-widget_type=\"spacer.default\">\n\t\t\t\t<div class=\"elementor-widget-container\">\n\t\t\t\t\t\t\t<div class=\"elementor-spacer\">\n\t\t\t<div class=\"elementor-spacer-inner\"><\/div>\n\t\t<\/div>\n\t\t\t\t\t\t<\/div>\n\t\t\t\t<\/div>\n\t\t\t\t\t<\/div>\n\t\t<\/div>\n\t\t\t\t<div class=\"elementor-column elementor-col-50 elementor-top-column elementor-element elementor-element-18857fd\" data-id=\"18857fd\" data-element_type=\"column\">\n\t\t\t<div class=\"elementor-widget-wrap elementor-element-populated\">\n\t\t\t\t\t\t<div class=\"elementor-element elementor-element-8980a4d elementor-widget__width-initial elementor-widget elementor-widget-heading\" data-id=\"8980a4d\" data-element_type=\"widget\" data-widget_type=\"heading.default\">\n\t\t\t\t<div class=\"elementor-widget-container\">\n\t\t\t\t\t<h2 class=\"elementor-heading-title elementor-size-default\">\u00bfPor qu\u00e9 invertir?<\/h2>\t\t\t\t<\/div>\n\t\t\t\t<\/div>\n\t\t\t\t<div class=\"elementor-element elementor-element-b4444e6 elementor-widget__width-initial elementor-widget elementor-widget-text-editor\" data-id=\"b4444e6\" data-element_type=\"widget\" data-widget_type=\"text-editor.default\">\n\t\t\t\t<div class=\"elementor-widget-container\">\n\t\t\t\t\t\t\t\t\t<p>El mercado inmobiliario es uno de los m\u00e1s <strong>seguros<\/strong> que existen. Siempre hay demanda de alquiler, es una necesidad b\u00e1sica. Es m\u00e1s, <strong>los alquileres no paran de subir<\/strong> ante la escasez de viviendas disponibles en el mercado.<\/p><p>Es una <strong>inversi\u00f3n que puedes ver y palpar<\/strong>. Esto no sucede con la bolsa y otros activos digitales, por ejemplo.<\/p><p>Consigue <strong>altas rentabilidades: <\/strong>Esto te permite obtener ingresos extras y adem\u00e1s cubrir gastos de hipoteca, suministros, IBI, comunidad, seguros y otros gastos menores.<\/p>\t\t\t\t\t\t\t\t<\/div>\n\t\t\t\t<\/div>\n\t\t\t\t\t<\/div>\n\t\t<\/div>\n\t\t\t\t\t<\/div>\n\t\t<\/section>\n\t\t\t\t<section class=\"elementor-section elementor-top-section elementor-element elementor-element-8272d2b elementor-section-boxed elementor-section-height-default elementor-section-height-default\" data-id=\"8272d2b\" data-element_type=\"section\" data-settings=\"{&quot;background_background&quot;:&quot;classic&quot;}\">\n\t\t\t\t\t\t<div class=\"elementor-container elementor-column-gap-no\">\n\t\t\t\t\t<div class=\"elementor-column elementor-col-50 elementor-top-column elementor-element elementor-element-5f3331c\" data-id=\"5f3331c\" data-element_type=\"column\">\n\t\t\t<div class=\"elementor-widget-wrap elementor-element-populated\">\n\t\t\t\t\t\t<div class=\"elementor-element elementor-element-2566596 elementor-widget elementor-widget-heading\" data-id=\"2566596\" data-element_type=\"widget\" data-widget_type=\"heading.default\">\n\t\t\t\t<div class=\"elementor-widget-container\">\n\t\t\t\t\t<h2 class=\"elementor-heading-title elementor-size-default\">Contact<\/h2>\t\t\t\t<\/div>\n\t\t\t\t<\/div>\n\t\t\t\t<div class=\"elementor-element elementor-element-17d28ed elementor-widget__width-initial elementor-icon-list--layout-traditional elementor-list-item-link-full_width elementor-widget elementor-widget-icon-list\" data-id=\"17d28ed\" data-element_type=\"widget\" data-widget_type=\"icon-list.default\">\n\t\t\t\t<div class=\"elementor-widget-container\">\n\t\t\t\t\t\t\t<ul class=\"elementor-icon-list-items\">\n\t\t\t\t\t\t\t<li class=\"elementor-icon-list-item\">\n\t\t\t\t\t\t\t\t\t\t\t<a href=\"mailto:alquilatucasaencadiz@gmail.com\" target=\"_blank\">\n\n\t\t\t\t\t\t\t\t\t\t\t\t<span class=\"elementor-icon-list-icon\">\n\t\t\t\t\t\t\t<i aria-hidden=\"true\" class=\"icon icon-email1\"><\/i>\t\t\t\t\t\t<\/span>\n\t\t\t\t\t\t\t\t\t\t<span class=\"elementor-icon-list-text\">alquilatucasaencadiz@gmail.com<\/span>\n\t\t\t\t\t\t\t\t\t\t\t<\/a>\n\t\t\t\t\t\t\t\t\t<\/li>\n\t\t\t\t\t\t<\/ul>\n\t\t\t\t\t\t<\/div>\n\t\t\t\t<\/div>\n\t\t\t\t<div class=\"elementor-element elementor-element-94ae5f4 elementor-widget elementor-widget-heading\" data-id=\"94ae5f4\" data-element_type=\"widget\" data-widget_type=\"heading.default\">\n\t\t\t\t<div class=\"elementor-widget-container\">\n\t\t\t\t\t<h2 class=\"elementor-heading-title elementor-size-default\">S\u00edguenos en Instagram<\/h2>\t\t\t\t<\/div>\n\t\t\t\t<\/div>\n\t\t\t\t<div class=\"elementor-element elementor-element-fc3731b elementor-widget__width-initial elementor-widget elementor-widget-elementskit-social-media\" data-id=\"fc3731b\" data-element_type=\"widget\" data-widget_type=\"elementskit-social-media.default\">\n\t\t\t\t<div class=\"elementor-widget-container\">\n\t\t\t\t\t<div class=\"ekit-wid-con\" >\t\t\t <ul class=\"ekit_social_media\">\n\t\t\t\t\t\t\t\t\t\t\t\t\t\t<li class=\"elementor-repeater-item-c246b6c\">\n\t\t\t\t\t    <a href=\"https:\/\/www.instagram.com\/alquilatucasaencadiz\/\" aria-label=\"Instagram\" class=\"1\" target=\"_blank\" rel=\"noopener\">\n\t\t\t\t\t\t\t\n\t\t\t\t\t\t\t<i aria-hidden=\"true\" class=\"icon icon-instagram-1\"><\/i>\n                                                                                                            <\/a>\n                    <\/li>\n                    \t\t\t\t\t\t\t<\/ul>\n\t\t<\/div>\t\t\t\t<\/div>\n\t\t\t\t<\/div>\n\t\t\t\t<div class=\"elementor-element elementor-element-61f216e elementor-widget elementor-widget-spacer\" data-id=\"61f216e\" data-element_type=\"widget\" data-widget_type=\"spacer.default\">\n\t\t\t\t<div class=\"elementor-widget-container\">\n\t\t\t\t\t\t\t<div class=\"elementor-spacer\">\n\t\t\t<div class=\"elementor-spacer-inner\"><\/div>\n\t\t<\/div>\n\t\t\t\t\t\t<\/div>\n\t\t\t\t<\/div>\n\t\t\t\t<div class=\"elementor-element elementor-element-63c4a10 elementor-widget__width-initial elementor-widget-mobile__width-initial elementor-widget elementor-widget-text-editor\" data-id=\"63c4a10\" data-element_type=\"widget\" data-widget_type=\"text-editor.default\">\n\t\t\t\t<div class=\"elementor-widget-container\">\n\t\t\t\t\t\t\t\t\t<p><b>alquilatucasaencadiz<\/b><\/p>\t\t\t\t\t\t\t\t<\/div>\n\t\t\t\t<\/div>\n\t\t\t\t\t<\/div>\n\t\t<\/div>\n\t\t\t\t<div class=\"elementor-column elementor-col-50 elementor-top-column elementor-element elementor-element-26e964f\" data-id=\"26e964f\" data-element_type=\"column\">\n\t\t\t<div class=\"elementor-widget-wrap\">\n\t\t\t\t\t\t\t<\/div>\n\t\t<\/div>\n\t\t\t\t\t<\/div>\n\t\t<\/section>\n\t\t\t\t<\/div>","protected":false},"excerpt":{"rendered":"<p>Invierte en propiedades con seguridad y confianza \u00bfTienes un dinero ahorrado parado en el banco? \u00bfEres inversor\/a o est\u00e1s meditando invertir en viviendas para rentabilizarlas? Te ofrecemos la oportunidad de invertir en propiedades con total seguridad y transparencia. Con nuestra experiencia y conocimientos en el mercado inmobiliario, te brindamos acceso a oportunidades de inversi\u00f3n con [&hellip;]<\/p>\n","protected":false},"author":1,"featured_media":0,"parent":0,"menu_order":0,"comment_status":"closed","ping_status":"closed","template":"elementor_header_footer","meta":{"footnotes":""},"_links":{"self":[{"href":"https:\/\/www.alquilatucasaencadiz.com\/en_gb\/wp-json\/wp\/v2\/pages\/1065"}],"collection":[{"href":"https:\/\/www.alquilatucasaencadiz.com\/en_gb\/wp-json\/wp\/v2\/pages"}],"about":[{"href":"https:\/\/www.alquilatucasaencadiz.com\/en_gb\/wp-json\/wp\/v2\/types\/page"}],"author":[{"embeddable":true,"href":"https:\/\/www.alquilatucasaencadiz.com\/en_gb\/wp-json\/wp\/v2\/users\/1"}],"replies":[{"embeddable":true,"href":"https:\/\/www.alquilatucasaencadiz.com\/en_gb\/wp-json\/wp\/v2\/comments?post=1065"}],"version-history":[{"count":151,"href":"https:\/\/www.alquilatucasaencadiz.com\/en_gb\/wp-json\/wp\/v2\/pages\/1065\/revisions"}],"predecessor-version":[{"id":3471,"href":"https:\/\/www.alquilatucasaencadiz.com\/en_gb\/wp-json\/wp\/v2\/pages\/1065\/revisions\/3471"}],"wp:attachment":[{"href":"https:\/\/www.alquilatucasaencadiz.com\/en_gb\/wp-json\/wp\/v2\/media?parent=1065"}],"curies":[{"name":"wp","href":"https:\/\/api.w.org\/{rel}","templated":true}]}}